{"id":455,"date":"2021-07-09T14:00:59","date_gmt":"2021-07-09T17:00:59","guid":{"rendered":"https:\/\/pesquisa.ufabc.edu.br\/pmalab\/?page_id=455"},"modified":"2021-08-06T06:10:40","modified_gmt":"2021-08-06T09:10:40","slug":"infraestrutura","status":"publish","type":"page","link":"https:\/\/pesquisa.ufabc.edu.br\/pmalab\/infraestrutura\/","title":{"rendered":"T\u00e9cnicas \u00f3pticas"},"content":{"rendered":"\n<p>Aqui h\u00e1 uma breve descri\u00e7\u00e3o das principais t\u00e9cnicas \u00f3pticas que trabalhamos. Al\u00e9m de equipamentos \u00f3pticos, o <strong>PMALab<\/strong> conta com infraestrutura completa para preparo e tratamento de amostras de tecidos duros in vitro, assim como de cultivo microbiol\u00f3gico. Contamos tamb\u00e9m com equipamentos para preparo de reagentes, assim como para simula\u00e7\u00e3o de escova\u00e7\u00e3o dent\u00e1ria. <\/p>\n\n\n\n<p>Alguns dos equipamentos est\u00e3o dispon\u00edveis no laborat\u00f3rio, enquanto outras t\u00e9cnicas \u00f3pticas podem ser utilizadas nos laborat\u00f3rios da <strong>Central Experimental Multiusu\u00e1rio da UFABC<\/strong> (<strong>CEM-UFABC<\/strong>), a qual conta com uma ampla variedade de equipamentos de pequeno, m\u00e9dio e grande porte, incluindo microscopias. Maior detalhamento dos equipamentos dispon\u00edveis na <strong>CEM-UFABC<\/strong> pode ser obtido abaixo. <\/p>\n\n\n\n<div class=\"wp-block-buttons is-content-justification-center is-layout-flex\">\n<div class=\"wp-block-button\"><a class=\"wp-block-button__link\" href=\"https:\/\/cem.propes.ufabc.edu.br\/\" target=\"_blank\" rel=\"noreferrer noopener\">Saiba mais<\/a><\/div>\n<\/div>\n\n\n\n<hr class=\"wp-block-separator\"\/>\n\n\n\n<div style=\"height:100px\" aria-hidden=\"true\" class=\"wp-block-spacer\"><\/div>\n\n\n\n<div class=\"wp-block-media-text alignwide is-stacked-on-mobile\" style=\"grid-template-columns:25% auto\"><figure class=\"wp-block-media-text__media\"><img decoding=\"async\" loading=\"lazy\" width=\"300\" height=\"191\" src=\"http:\/\/pesquisa.ufabc.edu.br\/pmalab\/wp-content\/uploads\/2021\/07\/dentina-SIE.png\" alt=\"\" class=\"wp-image-616 size-full\"\/><\/figure><div class=\"wp-block-media-text__content\">\n<p class=\"has-text-align-center has-large-font-size\">Imageamento por fluoresc\u00eancia<\/p>\n\n\n\n<p class=\"has-text-align-center\">T\u00e9cnica de imageamento&nbsp;<em>in vitro<\/em>&nbsp;composta pela ilumina\u00e7\u00e3o das amostras em ambiente escuro e fechado com LEDS com emiss\u00e3o em comprimento de onda de 405 nm, roda de filtros controlada por computador, lente objetiva e c\u00e2mera CCD cient\u00edfica para capta\u00e7\u00e3o da fluoresc\u00eancia em tempo real.&nbsp;<strong>Veja um exemplo de uso&nbsp;<a rel=\"noreferrer noopener\" href=\"https:\/\/www.spiedigitallibrary.org\/conference-proceedings-of-spie\/9531\/95312Z\/Characterization-of-caries-progression-on-dentin-after-irradiation-with-Nd\/10.1117\/12.2181080.short?SSO=1\" target=\"_blank\">AQUI<\/a>.<\/strong><\/p>\n<\/div><\/div>\n\n\n\n<div style=\"height:100px\" aria-hidden=\"true\" class=\"wp-block-spacer\"><\/div>\n\n\n\n<hr class=\"wp-block-separator\"\/>\n\n\n\n<div class=\"wp-block-media-text alignwide is-stacked-on-mobile\" style=\"grid-template-columns:28% auto\"><figure class=\"wp-block-media-text__media\"><img decoding=\"async\" loading=\"lazy\" width=\"790\" height=\"379\" src=\"http:\/\/pesquisa.ufabc.edu.br\/pmalab\/wp-content\/uploads\/2021\/07\/oct-daisa.png\" alt=\"\" class=\"wp-image-670 size-full\" srcset=\"https:\/\/pesquisa.ufabc.edu.br\/pmalab\/wp-content\/uploads\/2021\/07\/oct-daisa.png 790w, https:\/\/pesquisa.ufabc.edu.br\/pmalab\/wp-content\/uploads\/2021\/07\/oct-daisa-300x144.png 300w, https:\/\/pesquisa.ufabc.edu.br\/pmalab\/wp-content\/uploads\/2021\/07\/oct-daisa-768x368.png 768w\" sizes=\"(max-width: 790px) 100vw, 790px\" \/><\/figure><div class=\"wp-block-media-text__content\">\n<p class=\"has-text-align-center has-large-font-size\">Tomografia por coer\u00eancia \u00f3ptica &#8211; OCT<\/p>\n\n\n\n<p class=\"has-text-align-center\">T\u00e9cnica de imageamento n\u00e3o destrutiva que emprega um feixe n\u00e3o ionizante para a obten\u00e7\u00e3o de imagens tomogr\u00e1ficas de amostras, as quais s\u00e3o obtidas em tempo real. O equipamento dispon\u00edvel na UFABC trata-se de um FD-OCT (Fourier Domais OCT) que possui uma fonte de luz SLED de comprimento de onda central de 930 nm, resolu\u00e7\u00e3o axial de 7 micrometros e resolu\u00e7\u00e3o transversal de 8 micrometros. <strong>Veja um exemplo de uso<\/strong> <strong><span class=\"has-inline-color has-vivid-cyan-blue-color\"><a href=\"https:\/\/onlinelibrary.wiley.com\/doi\/10.1002\/jbio.201900171\" target=\"_blank\" rel=\"noreferrer noopener\">AQUI<\/a>.<\/span><\/strong>  <\/p>\n<\/div><\/div>\n\n\n\n<div style=\"height:100px\" aria-hidden=\"true\" class=\"wp-block-spacer\"><\/div>\n\n\n\n<hr class=\"wp-block-separator\"\/>\n\n\n\n<div class=\"wp-block-media-text alignwide is-stacked-on-mobile\" style=\"grid-template-columns:27% auto\"><figure class=\"wp-block-media-text__media\"><img decoding=\"async\" loading=\"lazy\" width=\"930\" height=\"706\" src=\"http:\/\/pesquisa.ufabc.edu.br\/pmalab\/wp-content\/uploads\/2021\/07\/ftir.jpg\" alt=\"\" class=\"wp-image-665 size-full\" srcset=\"https:\/\/pesquisa.ufabc.edu.br\/pmalab\/wp-content\/uploads\/2021\/07\/ftir.jpg 930w, https:\/\/pesquisa.ufabc.edu.br\/pmalab\/wp-content\/uploads\/2021\/07\/ftir-300x228.jpg 300w, https:\/\/pesquisa.ufabc.edu.br\/pmalab\/wp-content\/uploads\/2021\/07\/ftir-768x583.jpg 768w\" sizes=\"(max-width: 930px) 100vw, 930px\" \/><\/figure><div class=\"wp-block-media-text__content\">\n<p class=\"has-text-align-center has-large-font-size\">Espectroscopia de absor\u00e7\u00e3o no infravermelho por transformada de Fourier &#8211; FTIR<\/p>\n\n\n\n<p class=\"has-text-align-center\">T\u00e9cnica de avalia\u00e7\u00e3o composicional de subst\u00e2ncias s\u00f3lidas e l\u00edquidas, n\u00e3o destrutiva, por meio da detec\u00e7\u00e3o dos modos vibracionais moleculares ap\u00f3s absor\u00e7\u00e3o de radia\u00e7\u00e3o monocrom\u00e1tica localizada no infravermelho. Possibilita an\u00e1lises qualitativas e semi-quantitativas, sendo uma importante ferramenta de diagn\u00f3stico nas ci\u00eancias da vida. <strong>Veja um exemplo de uso <span class=\"has-inline-color has-vivid-cyan-blue-color\"><a rel=\"noreferrer noopener\" href=\"https:\/\/www.mdpi.com\/1422-0067\/19\/2\/433\" target=\"_blank\">AQUI<\/a><\/span>. <\/strong><\/p>\n<\/div><\/div>\n\n\n\n<div style=\"height:100px\" aria-hidden=\"true\" class=\"wp-block-spacer\"><\/div>\n\n\n\n<hr class=\"wp-block-separator\"\/>\n\n\n\n<div class=\"wp-block-media-text alignwide is-stacked-on-mobile\" style=\"grid-template-columns:31% auto\"><figure class=\"wp-block-media-text__media\"><img decoding=\"async\" loading=\"lazy\" width=\"1024\" height=\"576\" src=\"http:\/\/pesquisa.ufabc.edu.br\/pmalab\/wp-content\/uploads\/2021\/07\/termografia-1024x576.jpg\" alt=\"\" class=\"wp-image-656 size-full\" srcset=\"https:\/\/pesquisa.ufabc.edu.br\/pmalab\/wp-content\/uploads\/2021\/07\/termografia-1024x576.jpg 1024w, https:\/\/pesquisa.ufabc.edu.br\/pmalab\/wp-content\/uploads\/2021\/07\/termografia-300x169.jpg 300w, https:\/\/pesquisa.ufabc.edu.br\/pmalab\/wp-content\/uploads\/2021\/07\/termografia-768x432.jpg 768w, https:\/\/pesquisa.ufabc.edu.br\/pmalab\/wp-content\/uploads\/2021\/07\/termografia.jpg 1280w\" sizes=\"(max-width: 1024px) 100vw, 1024px\" \/><\/figure><div class=\"wp-block-media-text__content\">\n<p class=\"has-text-align-center has-large-font-size\">Termografia no infravermelho<\/p>\n\n\n\n<p class=\"has-text-align-center\">T\u00e9cnica de mensura\u00e7\u00e3o de temperaturas por meio da capta\u00e7\u00e3o da radia\u00e7\u00e3o infravermelha emitida pelos corpos. A mensura\u00e7\u00e3o se d\u00e1 por meio da grava\u00e7\u00e3o de mapas t\u00e9rmicos, cujas escalas de cores s\u00e3o relacionadas \u00e0 varia\u00e7\u00e3o de temperatura detectada. <strong>Veja um exemplo de uso <span class=\"has-inline-color has-vivid-cyan-blue-color\"><a href=\"https:\/\/iopscience.iop.org\/article\/10.1002\/lapl.200710060\" target=\"_blank\" rel=\"noreferrer noopener\">AQUI<\/a><\/span><\/strong>. <\/p>\n<\/div><\/div>\n\n\n\n<div style=\"height:100px\" aria-hidden=\"true\" class=\"wp-block-spacer\"><\/div>\n\n\n\n<hr class=\"wp-block-separator\"\/>\n\n\n\n<div class=\"wp-block-media-text alignwide is-stacked-on-mobile\" style=\"grid-template-columns:30% auto\"><figure class=\"wp-block-media-text__media\"><img decoding=\"async\" loading=\"lazy\" width=\"960\" height=\"720\" src=\"http:\/\/pesquisa.ufabc.edu.br\/pmalab\/wp-content\/uploads\/2021\/07\/UV-VIS.jpg\" alt=\"\" class=\"wp-image-659 size-full\" srcset=\"https:\/\/pesquisa.ufabc.edu.br\/pmalab\/wp-content\/uploads\/2021\/07\/UV-VIS.jpg 960w, https:\/\/pesquisa.ufabc.edu.br\/pmalab\/wp-content\/uploads\/2021\/07\/UV-VIS-300x225.jpg 300w, https:\/\/pesquisa.ufabc.edu.br\/pmalab\/wp-content\/uploads\/2021\/07\/UV-VIS-768x576.jpg 768w\" sizes=\"(max-width: 960px) 100vw, 960px\" \/><\/figure><div class=\"wp-block-media-text__content\">\n<p class=\"has-text-align-center has-large-font-size\">Espectroscopia UV-VIS<\/p>\n\n\n\n<p class=\"has-text-align-center\">T\u00e9cnica de an\u00e1lise que permite a medi\u00e7\u00e3o de concentra\u00e7\u00e3o de subst\u00e2ncias por meio da emiss\u00e3o de um feixe monocrom\u00e1tico, localizado nas regi\u00f5es do ultravioleta ou vis\u00edvel do espectro eletromagn\u00e9tico, e a detec\u00e7\u00e3o da radia\u00e7\u00e3o absorvida pela amostra. Podem ser empregadas amostras em estado l\u00edquido ou s\u00f3lido. <strong>Veja um exemplo de uso<\/strong> <span class=\"has-inline-color has-vivid-cyan-blue-color\"><strong><a href=\"https:\/\/onlinelibrary.wiley.com\/doi\/10.1111\/j.1751-1097.2008.00345.x\" target=\"_blank\" rel=\"noreferrer noopener\">AQUI<\/a><\/strong>.<\/span><\/p>\n<\/div><\/div>\n\n\n\n<div style=\"height:100px\" aria-hidden=\"true\" class=\"wp-block-spacer\"><\/div>\n\n\n\n<hr class=\"wp-block-separator\"\/>\n\n\n\n<div class=\"wp-block-media-text alignwide is-stacked-on-mobile\" style=\"grid-template-columns:28% auto\"><figure class=\"wp-block-media-text__media\"><img decoding=\"async\" loading=\"lazy\" width=\"1024\" height=\"768\" src=\"https:\/\/pesquisa.ufabc.edu.br\/pmalab\/wp-content\/uploads\/2021\/08\/IMG_7762-1024x768.jpg\" alt=\"\" class=\"wp-image-800 size-full\" srcset=\"https:\/\/pesquisa.ufabc.edu.br\/pmalab\/wp-content\/uploads\/2021\/08\/IMG_7762-1024x768.jpg 1024w, https:\/\/pesquisa.ufabc.edu.br\/pmalab\/wp-content\/uploads\/2021\/08\/IMG_7762-300x225.jpg 300w, https:\/\/pesquisa.ufabc.edu.br\/pmalab\/wp-content\/uploads\/2021\/08\/IMG_7762-768x576.jpg 768w, https:\/\/pesquisa.ufabc.edu.br\/pmalab\/wp-content\/uploads\/2021\/08\/IMG_7762-1536x1152.jpg 1536w, https:\/\/pesquisa.ufabc.edu.br\/pmalab\/wp-content\/uploads\/2021\/08\/IMG_7762-2048x1536.jpg 2048w\" sizes=\"(max-width: 1024px) 100vw, 1024px\" \/><\/figure><div class=\"wp-block-media-text__content\">\n<p class=\"has-text-align-center has-large-font-size\">Laser de Nd:YAG <em>Q-switched<\/em><\/p>\n\n\n\n<p class=\"has-text-align-center\">Sistema de laser de Nd:YAG <em>Q-switched<\/em> de bancada, com emiss\u00e3o em 1064 nm, de forma pulsada (PW), com dura\u00e7\u00e3o de pulso de 5 ns e taxa de repeti\u00e7\u00e3o ajust\u00e1vel. Dispon\u00edveis dois cristais dobradores de frequ\u00eancia, sendo poss\u00edvel a emiss\u00e3o em 532 nm e 355 nm. <strong>Veja um exemplo de uso<\/strong> <strong><span class=\"has-inline-color has-vivid-cyan-blue-color\"><a href=\"https:\/\/ieeexplore.ieee.org\/document\/9461931\" target=\"_blank\" rel=\"noreferrer noopener\">AQUI<\/a><\/span><\/strong>.<\/p>\n\n\n\n<p><\/p>\n<\/div><\/div>\n\n\n\n<div style=\"height:100px\" aria-hidden=\"true\" class=\"wp-block-spacer\"><\/div>\n\n\n\n<hr class=\"wp-block-separator\"\/>\n\n\n\n<div class=\"wp-block-media-text alignwide is-stacked-on-mobile\" style=\"grid-template-columns:25% auto\"><figure class=\"wp-block-media-text__media\"><img decoding=\"async\" loading=\"lazy\" width=\"1024\" height=\"499\" src=\"https:\/\/pesquisa.ufabc.edu.br\/pmalab\/wp-content\/uploads\/2021\/08\/making-of-video-30-1024x499.jpg\" alt=\"\" class=\"wp-image-803 size-full\" srcset=\"https:\/\/pesquisa.ufabc.edu.br\/pmalab\/wp-content\/uploads\/2021\/08\/making-of-video-30-1024x499.jpg 1024w, https:\/\/pesquisa.ufabc.edu.br\/pmalab\/wp-content\/uploads\/2021\/08\/making-of-video-30-300x146.jpg 300w, https:\/\/pesquisa.ufabc.edu.br\/pmalab\/wp-content\/uploads\/2021\/08\/making-of-video-30-768x375.jpg 768w, https:\/\/pesquisa.ufabc.edu.br\/pmalab\/wp-content\/uploads\/2021\/08\/making-of-video-30-1536x749.jpg 1536w, https:\/\/pesquisa.ufabc.edu.br\/pmalab\/wp-content\/uploads\/2021\/08\/making-of-video-30-2048x999.jpg 2048w\" sizes=\"(max-width: 1024px) 100vw, 1024px\" \/><\/figure><div class=\"wp-block-media-text__content\">\n<p class=\"has-text-align-center has-large-font-size\">Laser de Diodo de alta pot\u00eancia<\/p>\n\n\n\n<p class=\"has-text-align-center\">Laser de diodo de uso comercial cl\u00ednico, com emiss\u00e3o em 980 nm, e pot\u00eancia m\u00e1xima atingida de 9 W. Pode ser utilizado sob modo de emiss\u00e3o cont\u00ednuo (CW) ou pulsado (PW), com taxas de repeti\u00e7\u00e3o vari\u00e1vel de 10 a 100 Hz e largura temporal de pulsos da ordem de milissegundos. <strong>Veja um exemplo de uso<\/strong> <strong><span class=\"has-inline-color has-vivid-cyan-blue-color\"><a href=\"https:\/\/www.spiedigitallibrary.org\/conference-proceedings-of-spie\/10473\/104730P\/Temperature-increasing-in-titanium-implants-using-a-high-intensity-diode\/10.1117\/12.2289871.short?SSO=1&amp;tab=ArticleLink\" target=\"_blank\" rel=\"noreferrer noopener\">AQUI<\/a><\/span><\/strong>.<\/p>\n<\/div><\/div>\n\n\n\n<div style=\"height:100px\" aria-hidden=\"true\" class=\"wp-block-spacer\"><\/div>\n\n\n\n<hr class=\"wp-block-separator\"\/>\n\n\n\n<div class=\"wp-block-media-text alignwide is-stacked-on-mobile\" style=\"grid-template-columns:22% auto\"><figure class=\"wp-block-media-text__media\"><img decoding=\"async\" loading=\"lazy\" width=\"768\" height=\"1024\" src=\"https:\/\/pesquisa.ufabc.edu.br\/pmalab\/wp-content\/uploads\/2021\/08\/IMG_7765-1-768x1024.jpg\" alt=\"\" class=\"wp-image-798 size-full\" srcset=\"https:\/\/pesquisa.ufabc.edu.br\/pmalab\/wp-content\/uploads\/2021\/08\/IMG_7765-1-768x1024.jpg 768w, https:\/\/pesquisa.ufabc.edu.br\/pmalab\/wp-content\/uploads\/2021\/08\/IMG_7765-1-225x300.jpg 225w, https:\/\/pesquisa.ufabc.edu.br\/pmalab\/wp-content\/uploads\/2021\/08\/IMG_7765-1-1152x1536.jpg 1152w, https:\/\/pesquisa.ufabc.edu.br\/pmalab\/wp-content\/uploads\/2021\/08\/IMG_7765-1-1536x2048.jpg 1536w, https:\/\/pesquisa.ufabc.edu.br\/pmalab\/wp-content\/uploads\/2021\/08\/IMG_7765-1-scaled.jpg 1920w\" sizes=\"(max-width: 768px) 100vw, 768px\" \/><\/figure><div class=\"wp-block-media-text__content\">\n<p class=\"has-text-align-center has-large-font-size\">Lasers de baixa pot\u00eancia<\/p>\n\n\n\n<p class=\"has-text-align-center\">Equipamentos comerciais, com laser de emiss\u00e3o cont\u00ednua ou pulsada, taxa de repeti\u00e7\u00e3o ajust\u00e1vel e comprimentos de onda na regi\u00e3o do vermelho (comprimento de onda de 660 nm) e infravermelho pr\u00f3ximo (comprimento de onda de 808 nm). Ideais para bioestimula\u00e7\u00e3o de tecidos moles no geral. <strong>Veja um exemplo de uso<\/strong> <strong>abaixo<\/strong>.<\/p>\n\n\n\n<div class=\"wp-block-file aligncenter\"><a href=\"http:\/\/pesquisa.ufabc.edu.br\/pmalab\/wp-content\/uploads\/2021\/07\/Scocca-et-al-CBEB-2016.pdf\">Scocca et al CBEB 2016<\/a><a href=\"http:\/\/pesquisa.ufabc.edu.br\/pmalab\/wp-content\/uploads\/2021\/07\/Scocca-et-al-CBEB-2016.pdf\" class=\"wp-block-file__button\" download>Baixar<\/a><\/div>\n<\/div><\/div>\n\n\n\n<div style=\"height:100px\" aria-hidden=\"true\" class=\"wp-block-spacer\"><\/div>\n\n\n\n<hr class=\"wp-block-separator\"\/>\n\n\n\n<div class=\"wp-block-media-text alignwide is-stacked-on-mobile\" style=\"grid-template-columns:25% auto\"><figure class=\"wp-block-media-text__media\"><img decoding=\"async\" loading=\"lazy\" width=\"1024\" height=\"683\" src=\"http:\/\/pesquisa.ufabc.edu.br\/pmalab\/wp-content\/uploads\/2021\/07\/IMG_7111-1024x683.jpg\" alt=\"\" class=\"wp-image-386 size-full\" srcset=\"https:\/\/pesquisa.ufabc.edu.br\/pmalab\/wp-content\/uploads\/2021\/07\/IMG_7111-1024x683.jpg 1024w, https:\/\/pesquisa.ufabc.edu.br\/pmalab\/wp-content\/uploads\/2021\/07\/IMG_7111-300x200.jpg 300w, https:\/\/pesquisa.ufabc.edu.br\/pmalab\/wp-content\/uploads\/2021\/07\/IMG_7111-768x512.jpg 768w, https:\/\/pesquisa.ufabc.edu.br\/pmalab\/wp-content\/uploads\/2021\/07\/IMG_7111-1536x1024.jpg 1536w, https:\/\/pesquisa.ufabc.edu.br\/pmalab\/wp-content\/uploads\/2021\/07\/IMG_7111.jpg 2048w\" sizes=\"(max-width: 1024px) 100vw, 1024px\" \/><\/figure><div class=\"wp-block-media-text__content\">\n<p class=\"has-text-align-center has-large-font-size\">Terapia fotodin\u00e2mica<\/p>\n\n\n\n<p class=\"has-text-align-center\">Por meio do uso dos lasers e LEDs de baixa pot\u00eancia em diferentes comprimentos de onda, em associa\u00e7\u00e3o com diferentes tipos de fotossensibilizadores, \u00e9 poss\u00edvel realizar a terapia fotodin\u00e2mica para descontamina\u00e7\u00e3o de diferentes superf\u00edcies e tecidos. <strong>Veja um exemplo de uso<\/strong> <strong><span class=\"has-inline-color has-vivid-cyan-blue-color\"><a href=\"https:\/\/ieeexplore.ieee.org\/document\/8910253\" target=\"_blank\" rel=\"noreferrer noopener\">AQUI<\/a><\/span><\/strong>.<\/p>\n<\/div><\/div>\n","protected":false},"excerpt":{"rendered":"<p>Aqui h\u00e1 uma breve descri\u00e7\u00e3o das principais t\u00e9cnicas \u00f3pticas que trabalhamos. Al\u00e9m de equipamentos \u00f3pticos, o PMALab conta com infraestrutura completa para preparo e tratamento de amostras de tecidos duros in vitro, assim como de cultivo microbiol\u00f3gico. Contamos tamb\u00e9m com equipamentos para preparo de reagentes, assim como para simula\u00e7\u00e3o de escova\u00e7\u00e3o dent\u00e1ria. Alguns dos equipamentos &hellip;<br \/><a href=\"https:\/\/pesquisa.ufabc.edu.br\/pmalab\/infraestrutura\/\" class=\"more-link pen_button pen_element_default pen_icon_arrow_double\">Continue reading <span class=\"screen-reader-text\">T\u00e9cnicas \u00f3pticas<\/span><\/a><\/p>\n","protected":false},"author":1,"featured_media":0,"parent":0,"menu_order":0,"comment_status":"closed","ping_status":"closed","template":"","meta":[],"_links":{"self":[{"href":"https:\/\/pesquisa.ufabc.edu.br\/pmalab\/wp-json\/wp\/v2\/pages\/455"}],"collection":[{"href":"https:\/\/pesquisa.ufabc.edu.br\/pmalab\/wp-json\/wp\/v2\/pages"}],"about":[{"href":"https:\/\/pesquisa.ufabc.edu.br\/pmalab\/wp-json\/wp\/v2\/types\/page"}],"author":[{"embeddable":true,"href":"https:\/\/pesquisa.ufabc.edu.br\/pmalab\/wp-json\/wp\/v2\/users\/1"}],"replies":[{"embeddable":true,"href":"https:\/\/pesquisa.ufabc.edu.br\/pmalab\/wp-json\/wp\/v2\/comments?post=455"}],"version-history":[{"count":31,"href":"https:\/\/pesquisa.ufabc.edu.br\/pmalab\/wp-json\/wp\/v2\/pages\/455\/revisions"}],"predecessor-version":[{"id":804,"href":"https:\/\/pesquisa.ufabc.edu.br\/pmalab\/wp-json\/wp\/v2\/pages\/455\/revisions\/804"}],"wp:attachment":[{"href":"https:\/\/pesquisa.ufabc.edu.br\/pmalab\/wp-json\/wp\/v2\/media?parent=455"}],"curies":[{"name":"wp","href":"https:\/\/api.w.org\/{rel}","templated":true}]}}