{"id":280,"date":"2021-07-07T20:31:56","date_gmt":"2021-07-07T23:31:56","guid":{"rendered":"https:\/\/pesquisa.ufabc.edu.br\/pmalab\/?page_id=280"},"modified":"2021-07-31T16:18:19","modified_gmt":"2021-07-31T19:18:19","slug":"a-coordenadora","status":"publish","type":"page","link":"https:\/\/pesquisa.ufabc.edu.br\/pmalab\/a-coordenadora\/","title":{"rendered":"A Coordenadora"},"content":{"rendered":"\n<p><strong><span class=\"has-inline-color has-vivid-cyan-blue-color\">Prof. Patricia Aparecida da Ana<\/span><\/strong><\/p>\n\n\n\n<p>Possui gradua\u00e7\u00e3o em Odontologia pela Faculdade de Odontologia da Universidade de S\u00e3o Paulo (2002), doutorado direto em Ci\u00eancias no Instituto de Pesquisas Energ\u00e9ticas e Nucleares\/ Universidade de S\u00e3o Paulo (2007) e p\u00f3s-doutorado no Instituto de Pesquisas Energ\u00e9ticas e Nucleares\/Universidade de S\u00e3o Paulo (2010).<\/p>\n\n\n\n<p>Atualmente \u00e9 docente do curso de gradua\u00e7\u00e3o em Engenharia Biom\u00e9dica da Universidade Federal do ABC (UFABC), \u00e9 coordenadora do curso de p\u00f3s-gradua\u00e7\u00e3o em Engenharia Biom\u00e9dica da UFABC, vice-coordenadora da Central Multiusu\u00e1rio da UFABC campus SBC, \u00e9 docente orientadora dos cursos de p\u00f3s-gradua\u00e7\u00e3o em Biotecnoci\u00eancia e Engenharia Biom\u00e9dica da UFABC e pesquisadora colaboradora do IPEN-CNEN\/SP. <\/p>\n\n\n\n<p>Tem experi\u00eancia em pesquisa na \u00e1rea de Odontologia e Engenharia Biom\u00e9dica, com \u00eanfase em biofot\u00f4nica e suas aplica\u00e7\u00f5es em tecidos orais. <\/p>\n\n\n\n<p> <\/p>\n\n\n\n<hr class=\"wp-block-separator\"\/>\n\n\n\n<p><strong>As principais linhas de pesquisa s\u00e3o: <\/strong><\/p>\n\n\n\n<p><\/p>\n\n\n\n<p><span class=\"has-inline-color has-vivid-cyan-blue-color\">1 &#8211; Lasers de alta pot\u00eancia e preven\u00e7\u00e3o da c\u00e1rie e eros\u00e3o dent\u00e1rias. <\/span><\/p>\n\n\n\n<div class=\"wp-block-image\"><figure class=\"alignright size-large\"><img decoding=\"async\" loading=\"lazy\" width=\"356\" height=\"307\" src=\"http:\/\/pesquisa.ufabc.edu.br\/pmalab\/wp-content\/uploads\/2021\/07\/erbio.png\" alt=\"\" class=\"wp-image-677\" srcset=\"https:\/\/pesquisa.ufabc.edu.br\/pmalab\/wp-content\/uploads\/2021\/07\/erbio.png 356w, https:\/\/pesquisa.ufabc.edu.br\/pmalab\/wp-content\/uploads\/2021\/07\/erbio-300x259.png 300w\" sizes=\"(max-width: 356px) 100vw, 356px\" \/><\/figure><\/div>\n\n\n\n<p>Algumas publica\u00e7\u00f5es recentes: <\/p>\n\n\n\n<p>Dias-Moraes MC, Castro PAA, Pereira DL, Ana PA, Freitas AZ, Zezell DM. Assessment of the preventive effects of Nd:YAG laser associated with fluoride on enamel caries using optical coherence tomography and FTIR spectroscopy. PLOS ONE\u00a02021 Jul 7;16(7):e0254217.\u00a0\u00a0doi: 10.1371\/journal.pone.0254217. <a href=\"https:\/\/journals.plos.org\/plosone\/article?id=10.1371\/journal.pone.0254217\" target=\"_blank\" rel=\"noreferrer noopener\">LINK<\/a><\/p>\n\n\n\n<p>RODRIGUES, FABRIZIO MANOEL ; NOGUEIRA DA SILVA, LARISSA SARTORI ;\u00a0ZEZELL, Denise Maria\u00a0;\u00a0Ana, Patricia Aparecida\u00a0. Compositional changes promoted by Er,Cr:YSGG laser when used to inhibit dentin erosion. In: 2021 SBFoton International Optics and Photonics Conference (SBFoton IOPC), 2021, Sao Carlos. 2021 SBFoton International Optics and Photonics Conference (SBFoton IOPC), 2021. p. 1-4. <strong><a rel=\"noreferrer noopener\" href=\"https:\/\/ieeexplore.ieee.org\/document\/9461943\" target=\"_blank\">LINK<\/a><\/strong><\/p>\n\n\n\n<p>dos Santos Ferreira, Elizabete ;&nbsp;Ana, Patricia Aparecida&nbsp;. Effects of nanosecond high-intensity IR and UV lasers on dentin erosion\/abrasion progression: a pilot-study. In: 2021 SBFoton International Optics and Photonics Conference (SBFoton IOPC), 2021, Sao Carlos. 2021 SBFoton International Optics and Photonics Conference (SBFoton IOPC), 2021. p. 1-4. <strong><a href=\"https:\/\/ieeexplore.ieee.org\/document\/9461931\" target=\"_blank\" rel=\"noreferrer noopener\">LINK<\/a><\/strong><\/p>\n\n\n\n<p>dos Santos Ferreira, Elizabete ; Prates, Ilka Tiemy Kato ; dos Santos, Sergio Luiz Machado ; Del Valle, Matheus ; Zezell, Denise M. ;&nbsp;Ana, Patricia A.&nbsp;. In Vitro Study of Er,Cr:YSGG Laser Effects When Used for the Prevention of Dentin Demineralization. IFMBE Proceedings. 1ed.: Springer Singapore, 2019, v. 1, p. 825-829. <strong><a href=\"https:\/\/link.springer.com\/chapter\/10.1007%2F978-981-13-2517-5_127\" target=\"_blank\" rel=\"noreferrer noopener\">LINK<\/a><\/strong><\/p>\n\n\n\n<p>Pereira, Da\u00edsa L. ; Del Valle, Matheus ; Gomes, Gabriela V. ; Zezell, Denise M. ;&nbsp;<strong>Ana, Patricia A.<\/strong>&nbsp;. Optical Properties of Bovine Dentin When Irradiated by Nd:YAG and a Black Dentifrice Aimed at Treating Dentin Erosion. IFMBE Proceedings. 1ed.: Springer Singapore, 2019, v. , p. 847-850. <strong><a href=\"https:\/\/link.springer.com\/chapter\/10.1007%2F978-981-13-2517-5_131\" target=\"_blank\" rel=\"noreferrer noopener\">LINK<\/a><\/strong><\/p>\n\n\n\n<p>Temperature generation and transmission in root dentin during Nd:YAG laser irradiation for preventive purposes. In: XXVII Congresso Brasileiro de Engenharia Biom\u00e9dica, 2020, Vit\u00f3ria. Proceedings do XXVII Congresso Brasileiro de Engenharia Biom\u00e9dica, 2020. v. 1. p. 1031-1035.<\/p>\n\n\n\n<p>RODRIGUES, M. ; Daguano, J.K.M.F. ;<strong>&nbsp;<\/strong>ANA, P. A.&nbsp;<strong>.<\/strong> Chemical effects of nanosecond high-intensity IR and UV lasers on Biosilicate when used for treating dentin incipient caries lesions. In: XXVII Congresso Brasileiro de Engenharia Biom\u00e9dica, 2020, Vit\u00f3ria. Proceedings do XXVII Congresso Brasileiro de Engenharia Biom\u00e9dica, 2020. v. 1. p. 2151-2156.<\/p>\n\n\n\n<p><br>Ana, P.A.; Pereira, D.L. ; Silva, E. S. F. ; FIGUEREDO, D. C. ; Daguano, J.K.M.F. ; Zezell, D. M. . Advances in the prevention and monitoring of root dentin demineralization using lasers. In: SBFoton Conference 2019, 2019, Sao Paulo. IEEE Explore, 2019. v. 1. p. 1-1. <strong><a href=\"https:\/\/ieeexplore.ieee.org\/document\/8910213\" target=\"_blank\" rel=\"noreferrer noopener\">LINK<\/a><\/strong><\/p>\n\n\n\n<p>PEREIRA, DA\u00cdSA ; FREITAS, ANDERSON ;&nbsp;BACHMANN, Luciano&nbsp;;&nbsp;BENETTI, CAROLINA&nbsp;; ZEZELL, DENISE ;&nbsp;ANA, PATRICIA&nbsp;. Variation on Molecular Structure, Crystallinity, and Optical Properties of Dentin Due to Nd:YAG Laser and Fluoride Aimed at Tooth Erosion Prevention. INTERNATIONAL JOURNAL OF MOLECULAR SCIENCES, v. 19, p. 433, 2018. <strong><a href=\"https:\/\/www.mdpi.com\/1422-0067\/19\/2\/433\" target=\"_blank\" rel=\"noreferrer noopener\">LINK<\/a><\/strong><\/p>\n\n\n\n<p>Zezell, Denise M. ;&nbsp;BENETTI, CAROLINA&nbsp;; VELOSO, MARCELO N. ; CASTRO, PEDRO A. A. ;&nbsp;Ana, Patricia A.&nbsp;. FTIR Spectroscopy Revealing the Effects of Laser and Ionizing Radiation on Biological Hard Tissues. Journal of the Brazilian Chemical Society (Impresso), v. 1, p. 1-1, 2015. <strong><a href=\"http:\/\/static.sites.sbq.org.br\/jbcs.sbq.org.br\/pdf\/v26n12a15.pdf\" target=\"_blank\" rel=\"noreferrer noopener\">LINK<\/a><\/strong><\/p>\n\n\n\n<p>ANA, P A; KAUFFMANN, C M F ;&nbsp;BACHMANN, L&nbsp;;&nbsp;SOARES, L E S&nbsp;;&nbsp;MARTIN, A A&nbsp;;&nbsp;GOMES, A S L&nbsp;;&nbsp;ZEZELL, D M&nbsp;. FT-Raman spectroscopic analysis of Nd:YAG and Er,Cr:YSGG laser irradiated enamel for preventive purposes. Laser Physics, v. 24, p. 035603, 2014. <strong><a href=\"https:\/\/iopscience.iop.org\/article\/10.1088\/1054-660X\/24\/3\/035603\" target=\"_blank\" rel=\"noreferrer noopener\">LINK<\/a><\/strong><\/p>\n\n\n\n<hr class=\"wp-block-separator\"\/>\n\n\n\n<p><span class=\"has-inline-color has-vivid-cyan-blue-color\">2 &#8211; Diagn\u00f3stico precoce e monitoramento de les\u00f5es por m\u00e9todos \u00f3pticos, por meio de tomografia por coer\u00eancia \u00f3ptica, espectroscopia vibracional, imageamento por fluoresc\u00eancia.<\/span> <\/p>\n\n\n\n<p>Algumas publica\u00e7\u00f5es recentes<\/p>\n\n\n\n<div class=\"wp-block-image\"><figure class=\"alignright size-large\"><img decoding=\"async\" loading=\"lazy\" width=\"416\" height=\"456\" src=\"http:\/\/pesquisa.ufabc.edu.br\/pmalab\/wp-content\/uploads\/2021\/07\/oct-matheus-e1626226741627.png\" alt=\"\" class=\"wp-image-682\" srcset=\"https:\/\/pesquisa.ufabc.edu.br\/pmalab\/wp-content\/uploads\/2021\/07\/oct-matheus-e1626226741627.png 416w, https:\/\/pesquisa.ufabc.edu.br\/pmalab\/wp-content\/uploads\/2021\/07\/oct-matheus-e1626226741627-274x300.png 274w\" sizes=\"(max-width: 416px) 100vw, 416px\" \/><\/figure><\/div>\n\n\n\n<ul><li>AMARAL, M. M.&nbsp;; DEL-VALLE, M. ; RAELE, MARCUS P. ; PRETTO, L. R. ;&nbsp;ANA, P. A.&nbsp;. Osteoporosis Evaluation through Full Developed Speckle Imaging. Journal of Biophotonics, v. 1, p. 1, 2020. <strong><a rel=\"noreferrer noopener\" href=\"https:\/\/onlinelibrary.wiley.com\/doi\/10.1002\/jbio.202000025\" target=\"_blank\">LINK<\/a><\/strong><\/li><li>DEL-VALLE, M. ;&nbsp;LINS, E. C. C. C.&nbsp;;&nbsp;Ana, P.A.&nbsp;. Assessment of simulated osteoporosis in alveolar bone using optical coherence tomography. JOURNAL OF BIOPHOTONICS, v. 1, p. 1, 2019. <strong><a rel=\"noreferrer noopener\" href=\"https:\/\/onlinelibrary.wiley.com\/doi\/10.1002\/jbio.201900171\" target=\"_blank\">LINK<\/a><\/strong><\/li><li>FIGUEREDO, D. C. ; DEL-VALLE, M. ; Zezell, D. M. ; Daguano, J.K.M.F. ;&nbsp;<strong>Ana, P.A.<\/strong>&nbsp;. Radiotherapy compositional and mechanical effects evaluation in radicular dentin by FTIR spectroscopy and microhardness testing. In: SBFoton Conference 2019, 2019, Sao Paulo. IEEE Explore, 2019. v. 1. p. 1-1. <strong><a rel=\"noreferrer noopener\" href=\"https:\/\/ieeexplore.ieee.org\/document\/8910209\" target=\"_blank\">LINK<\/a><\/strong><\/li><li>Zezell, Denise M. ; RAELE, MARCUS P. ; ZAMATARO, CL\u00c1UDICA B. ; AMARAL, MARCELLO M. ; NUNEZ, SILVIA C. ;&nbsp;DA ANA, PATRICIA A.&nbsp;. Wavelength comparison for laser induced breakdown spectroscopy caries detection. In: Lasers in Dentistry XXIV, 2018, San Francisco. Lasers in Dentistry XXIV, 2018. p. 19. <strong><a href=\"https:\/\/www.spiedigitallibrary.org\/conference-proceedings-of-spie\/10473\/2288373\/Wavelength-comparison-for-laser-induced-breakdown-spectroscopy-caries-detection\/10.1117\/12.2288373.short?SSO=1\" target=\"_blank\" rel=\"noreferrer noopener\">LINK<\/a><\/strong><\/li><\/ul>\n\n\n\n<hr class=\"wp-block-separator\"\/>\n\n\n\n<p><\/p>\n\n\n\n<hr class=\"wp-block-separator\"\/>\n\n\n\n<p><strong>As t\u00e9cnicas anal\u00edticas que tem trabalhado s\u00e3o:<\/strong><\/p>\n\n\n\n<ul><li>tomografia por coer\u00eancia \u00f3ptica (OCT)<\/li><li>espectroscopia de absor\u00e7\u00e3o no infravermelho por transformada de Fourier (FTIR)<\/li><li>microscopia eletr\u00f4nica de varredura (SEM)<\/li><li>termografia no infravermelho<\/li><li>medidas de temperatura por termopares de resposta r\u00e1pida<\/li><li>imageamento por fluoresc\u00eancia<\/li><li>microdureza<\/li><\/ul>\n\n\n\n<hr class=\"wp-block-separator\"\/>\n\n\n\n<p>Na <strong>gradua\u00e7\u00e3o<\/strong>, realizou atividades de inicia\u00e7\u00e3o cient\u00edfica no Departamento de Dent\u00edstica, onde publicou 2 artigos cient\u00edficos, listados abaixo:<\/p>\n\n\n\n<ul><li>ANA, P. A<strong>.<\/strong>;&nbsp;BOTTA, S\u00e9rgio Brossi&nbsp;;&nbsp;MATOS, Adriana Bona&nbsp;. Influ\u00eancia da Aplica\u00e7\u00e3o de selantes na Microinfiltra\u00e7\u00e3o de Restaura\u00e7\u00f5es classe V de resina composta compact\u00e1vel. Revista da P\u00f3s Gradua\u00e7\u00e3o da Faculdade de Odontologia da Universidade de S\u00e3o Paulo, S\u00e3o Paulo, v. 12, n.1, p. 9-14, 2005.<\/li><li>BOTTA, S\u00e9rgio Brossi&nbsp;;&nbsp;ANA, P. A.&nbsp;;&nbsp;MATOS, Adriana Bona&nbsp;. Influ\u00eancia da T\u00e9cnica restauradora na microinfiltra\u00e7\u00e3o de restaura\u00e7\u00f5es Classe V de resina composta compact\u00e1vel. Revista do Instituto de Ci\u00eancias da Sa\u00fade (UNIP), S\u00e3o Paulo, v. 4, n.24, p. 301-306, 2006. <strong><a rel=\"noreferrer noopener\" href=\"https:\/\/repositorio.unip.br\/journal-of-the-health-sciences-institute-revista-do-instituto-de-ciencias-da-saude\/influencia-da-tecnica-restauradora-na-microinfiltracao-de-restauracoes-classe-v-de-resina-composta-compactavel\/\" target=\"_blank\">LINK<\/a><\/strong><\/li><\/ul>\n\n\n\n<hr class=\"wp-block-separator\"\/>\n\n\n\n<p>No <strong>doutorado e p\u00f3s-doutorado<\/strong>, trabalhou com os efeitos de lasers de alta pot\u00eancia em esmalte para preven\u00e7\u00e3o da c\u00e1rie, tendo publicado outros 16 artigos cient\u00edficos, listados abaixo:<\/p>\n\n\n\n<ul><li>ANA, P. A.;&nbsp;BACHMANN, Luciano&nbsp;;&nbsp;ZEZELL, Denise Maria&nbsp;. Laser effects on enamel for caries prevention. Laser Physics, R\u00fassia, v. 16, n.5, p. 865-875, 2006. <a href=\"https:\/\/link.springer.com\/article\/10.1134\/S1054660X06050197\"><strong>LINK<\/strong><\/a><\/li><li>ZEZELL, D M&nbsp;;&nbsp;ANA, P. A.&nbsp;;&nbsp;RIBEIRO, Adriana da Costa&nbsp;;&nbsp;BACHMANN, L&nbsp;;&nbsp;FREITAS, Anderson Zanardi de&nbsp;; VIEIRA JR, Nilson Dias . Lasers in caries diagnosis and prevention. International Journal of Applied Electromagnetics and Mechanics, v. 25, p. 627-633, 2007. <strong><a href=\"https:\/\/content.iospress.com\/articles\/international-journal-of-applied-electromagnetics-and-mechanics\/jae00818\">LINK<\/a><\/strong><\/li><li>ANA, P. A.; Velloso, Walter F. ;&nbsp;ZEZELL, Denise Maria&nbsp;. Three-dimensional finite element thermal analysis of dental tissues irradiated with Er,Cr:YSGG laser. Review of Scientific Instruments, v. 79, p. 093910, 2008.&nbsp;<a href=\"https:\/\/aip.scitation.org\/doi\/abs\/10.1063\/1.2953526?journalCode=rsi\"><strong>LINK<\/strong><\/a><\/li><li>ANA, P. A.; Velloso, Walter F. ;&nbsp;ZEZELL, Denise Maria&nbsp;. Three-dimensional finite element thermal analysis of dental tissues irradiated with Er,Cr:YSGG laser. Review of Scientific Instruments, v. 79, p. 093910, 2008. <a href=\"https:\/\/aip.scitation.org\/doi\/abs\/10.1063\/1.2953526?journalCode=rsi\"><strong>LINK<\/strong><\/a><\/li><li>Bevil\u00e1cqua, Fl\u00e1via M. ;&nbsp;ZEZELL, Denise Maria&nbsp;; MAGNANI, Romeu ;&nbsp;Ana, Patricia A.&nbsp;;&nbsp;Paula Eduardo, Carlos&nbsp;. Fluoride uptake and acid resistance of enamel irradiated with Er:YAG laser. Lasers in Medical Science, v. 23, p. 141-147, 2008.&nbsp;<a href=\"https:\/\/link.springer.com\/article\/10.1007%2Fs10103-007-0466-6\"><strong>LINK<\/strong><\/a><\/li><li>Boari, H. G. D. ;&nbsp;ANA, P. A.&nbsp;;&nbsp;Eduardo, C. P.&nbsp;; Powell, G. L. ; Zezell, D. M. . Absorption and thermal study of dental enamel when irradiated with Nd:YAG laser with the aim of caries prevention. Laser Physics, v. 19, p. 1463-1469, 2009.<a href=\"https:\/\/link.springer.com\/article\/10.1134%2FS1054660X09070160\"><strong>LINK<\/strong><\/a><\/li><li>ZEZELL, Denise Maria&nbsp;; Boari, Heloisa Gomes D. ;&nbsp;Ana, Patricia Aparecida&nbsp;;&nbsp;EDUARDO, Carlos de Paula&nbsp;; Powell, Glen Lynn . Nd:YAG laser in caries prevention: A clinical trial. Lasers in Surgery and Medicine, v. 41, p. 31-35, 2009.<a href=\"https:\/\/onlinelibrary.wiley.com\/doi\/10.1002\/lsm.20738\"><strong>LINK<\/strong><\/a><\/li><li>Bachmann, L.&nbsp;;&nbsp;Rosa, K.&nbsp;;&nbsp;da Ana, P.A.&nbsp;; Zezell, D.M. ;&nbsp;Craievich, A.F.&nbsp;;&nbsp;KELLERMANN, G.&nbsp;. Crystalline structure of human enamel irradiated with Er,Cr:YSGG laser. Laser Physics Letters, v. 6, p. 159-162, 2009.<a href=\"https:\/\/iopscience.iop.org\/article\/10.1002\/lapl.200810104\"><strong>LINK<\/strong><\/a><\/li><li>BOTTA, S B&nbsp;;&nbsp;ANA, P. A.&nbsp;;&nbsp;ZEZELL, D M&nbsp;; POWERS, J M ;&nbsp;MATOS, A B&nbsp;. Adhesion after erbium, chromium:yttrium-scandium-gallium-garnet laser application at three different irradiation conditions. Lasers in Medical Science, v. 24, p. 67-73, 2009. <a href=\"https:\/\/link.springer.com\/article\/10.1007%2Fs10103-007-0521-3\"><strong>LINK<\/strong><\/a><\/li><li>ZEZELL, D M&nbsp;;&nbsp;ANA, P. A.&nbsp;;&nbsp;BENETTI, C.&nbsp;;&nbsp;GOULART, V. P.&nbsp;;&nbsp;BACHMANN, L&nbsp;;&nbsp;TABCHOURY, C\u00ednthia P M&nbsp;;&nbsp;CURY, J A&nbsp;. Compositional and crystallographic changes on enamel when irradiated by Nd:YAG or Er,Cr:YSGG lasers and its resistance to demineralization when associated with fluoride. Proceedings &#8211; SPIE, v. 7549, p. 75490G-1-75490G-12, 2010. <strong><a href=\"https:\/\/www.spiedigitallibrary.org\/conference-proceedings-of-spie\/7549\/75490G\/Compositional-and-crystallographic-changes-on-enamel-when-irradiated-by-Nd\/10.1117\/12.842967.short?SSO=1\">LINK<\/a><\/strong><\/li><li>RABELO, J. S.&nbsp;;&nbsp;ANA, P. A.&nbsp;;&nbsp;BENETTI, C.&nbsp;;&nbsp;Val\u00e9rio, M. E. G.&nbsp;; Zezell, D. M. . Changes in dental enamel oven heated or irradiated with Er,Cr:YSGG laser. Analysis by FTIR. Laser Physics, v. 20, p. 871-875, 2010.<a href=\"https:\/\/link.springer.com\/article\/10.1134%2FS1054660X10070273\"><strong>LINK<\/strong><\/a><\/li><li>Esteves-Oliveira, M.&nbsp;;&nbsp;Zezell, D&nbsp;;&nbsp;ANA, P. A.&nbsp;;&nbsp;Zezell, D.&nbsp;; Yekta, S. S. ; LAMPERT, F. ;&nbsp;EDUARDO, C. P.&nbsp;Dentin caries inhibition through CO2 laser (10.6 \u00b5m) irradiation and fluoride application, in vitro. Archives of Oral Biology, v. 56, p. 533-539, 2011. <strong><a href=\"https:\/\/www.sciencedirect.com\/science\/article\/pii\/S0003996910003547\">LINK<\/a><\/strong><\/li><li>BENETTI, C.&nbsp;;&nbsp;SANTOS, M. O.&nbsp;;&nbsp;RABELO, J. S.&nbsp;;&nbsp;ANA, P. A.&nbsp;;&nbsp;CORREA, P. R.&nbsp;;&nbsp;ZEZELL, D M&nbsp;. Detection of chemical changes in bone after irradiation with Er,Cr:YSGG laser. Proceedings &#8211; SPIE, v. 7883, p. 78834P-1-78834P-8, 2011. <strong><a href=\"https:\/\/www.spiedigitallibrary.org\/conference-proceedings-of-spie\/7883\/1\/Detection-of-chemical-changes-in-bone-after-irradiation-with-ErCr\/10.1117\/12.876533.short\">LINK<\/a><\/strong><\/li><li>Sperandio, Felipe Fornias ; Meneguzzo, Daiane T. ; Ferreira, Leila S. ;&nbsp;Ana, Patr\u00edcia A.&nbsp;;&nbsp;Azevedo, Luciane H.&nbsp;;&nbsp;Sousa, Suzana C. O. M.&nbsp;. Different air-water spray regulations affect the healing of Er,Cr:YSGG laser incisions. Lasers in Medical Science, v. 26, p. 257-265, 2011. <a href=\"https:\/\/link.springer.com\/article\/10.1007%2Fs10103-010-0849-y\"><strong>LINK<\/strong><\/a><\/li><li>BOTTA, SB;&nbsp;Ana, Patricia Aparecida; de Sa Teixeira, Fernanda  da Silveira Salvadori, Maria Cecilia Barbosa ;&nbsp;MATOS, Adriana Bona. Relationship Between Surface Topography and Energy Density Distribution of Er,Cr:YSGG Beam on Irradiated Dentin: An Atomic Force Microscopy Study. Photomedicine and Laser Surgery, v. 29, p. 261-269, 2011.&nbsp;<a href=\"https:\/\/www.liebertpub.com\/doi\/10.1089\/pho.2010.2812\"><strong>LINK<\/strong><\/a><\/li><li>Ana, P.A.; Tabchoury, C.P.M. ; Cury, J.A. ;&nbsp;Zezell, D.M.&nbsp;. Effect of Er,Cr:YSGG Laser and Professional Fluoride Application on Enamel Demineralization and on Fluoride Retention. Caries Research, v. 46, p. 441-451, 2012. <a href=\"https:\/\/www.karger.com\/Article\/Abstract\/333603\"><strong>LINK<\/strong><\/a><\/li><\/ul>\n\n\n\n<hr class=\"wp-block-separator\"\/>\n\n\n\n<hr class=\"wp-block-separator\"\/>\n\n\n\n<hr class=\"wp-block-separator\"\/>\n\n\n\n<p><strong>Contato:<\/strong> <a href=\"mailto:patricia.ana@ufabc.edu.br\" target=\"_blank\" rel=\"noreferrer noopener\">patricia.ana@ufabc.edu.br<\/a> <\/p>\n\n\n\n<p><strong>Veja mais em:<\/strong> <\/p>\n\n\n\n<div class=\"wp-block-columns is-layout-flex wp-container-7\">\n<div class=\"wp-block-column is-layout-flow\" style=\"flex-basis:100%\">\n<div class=\"wp-block-columns is-layout-flex wp-container-5\">\n<div class=\"wp-block-column is-layout-flow\">\n<figure class=\"wp-block-image size-large is-resized\"><a href=\"http:\/\/lattes.cnpq.br\/2372516182094204\"><img decoding=\"async\" loading=\"lazy\" src=\"http:\/\/pesquisa.ufabc.edu.br\/pmalab\/wp-content\/uploads\/2021\/07\/plataforma-lattes1.jpg\" alt=\"\" class=\"wp-image-489\" width=\"75\" height=\"75\" srcset=\"https:\/\/pesquisa.ufabc.edu.br\/pmalab\/wp-content\/uploads\/2021\/07\/plataforma-lattes1.jpg 900w, https:\/\/pesquisa.ufabc.edu.br\/pmalab\/wp-content\/uploads\/2021\/07\/plataforma-lattes1-300x300.jpg 300w, https:\/\/pesquisa.ufabc.edu.br\/pmalab\/wp-content\/uploads\/2021\/07\/plataforma-lattes1-150x150.jpg 150w, https:\/\/pesquisa.ufabc.edu.br\/pmalab\/wp-content\/uploads\/2021\/07\/plataforma-lattes1-768x768.jpg 768w, https:\/\/pesquisa.ufabc.edu.br\/pmalab\/wp-content\/uploads\/2021\/07\/plataforma-lattes1-225x225.jpg 225w\" sizes=\"(max-width: 75px) 100vw, 75px\" \/><\/a><\/figure>\n<\/div>\n\n\n\n<div class=\"wp-block-column is-layout-flow\">\n<figure class=\"wp-block-image size-large is-resized\"><a href=\"https:\/\/orcid.org\/0000-0003-2857-7517\"><img decoding=\"async\" loading=\"lazy\" src=\"http:\/\/pesquisa.ufabc.edu.br\/pmalab\/wp-content\/uploads\/2021\/07\/orcid.png\" alt=\"\" class=\"wp-image-492\" width=\"80\" height=\"80\" srcset=\"https:\/\/pesquisa.ufabc.edu.br\/pmalab\/wp-content\/uploads\/2021\/07\/orcid.png 225w, https:\/\/pesquisa.ufabc.edu.br\/pmalab\/wp-content\/uploads\/2021\/07\/orcid-150x150.png 150w\" sizes=\"(max-width: 80px) 100vw, 80px\" \/><\/a><\/figure>\n<\/div>\n\n\n\n<div class=\"wp-block-column is-layout-flow\">\n<figure class=\"wp-block-image size-large is-resized\"><a href=\"https:\/\/publons.com\/researcher\/1357482\/patricia-aparecida-ana\/\"><img decoding=\"async\" loading=\"lazy\" src=\"http:\/\/pesquisa.ufabc.edu.br\/pmalab\/wp-content\/uploads\/2021\/07\/publons.png\" alt=\"\" class=\"wp-image-491\" width=\"69\" height=\"69\" srcset=\"https:\/\/pesquisa.ufabc.edu.br\/pmalab\/wp-content\/uploads\/2021\/07\/publons.png 552w, https:\/\/pesquisa.ufabc.edu.br\/pmalab\/wp-content\/uploads\/2021\/07\/publons-300x300.png 300w, https:\/\/pesquisa.ufabc.edu.br\/pmalab\/wp-content\/uploads\/2021\/07\/publons-150x150.png 150w, https:\/\/pesquisa.ufabc.edu.br\/pmalab\/wp-content\/uploads\/2021\/07\/publons-225x225.png 225w\" sizes=\"(max-width: 69px) 100vw, 69px\" \/><\/a><\/figure>\n<\/div>\n\n\n\n<div class=\"wp-block-column is-layout-flow\">\n<figure class=\"wp-block-image size-large\"><a href=\"https:\/\/scholar.google.com.br\/citations?user=csO8zUUAAAAJ&amp;hl=pt-BR\"><img decoding=\"async\" loading=\"lazy\" width=\"800\" height=\"299\" src=\"http:\/\/pesquisa.ufabc.edu.br\/pmalab\/wp-content\/uploads\/2021\/07\/Google_Scholar_logo.svg_1.png\" alt=\"\" class=\"wp-image-490\" srcset=\"https:\/\/pesquisa.ufabc.edu.br\/pmalab\/wp-content\/uploads\/2021\/07\/Google_Scholar_logo.svg_1.png 800w, https:\/\/pesquisa.ufabc.edu.br\/pmalab\/wp-content\/uploads\/2021\/07\/Google_Scholar_logo.svg_1-300x112.png 300w, https:\/\/pesquisa.ufabc.edu.br\/pmalab\/wp-content\/uploads\/2021\/07\/Google_Scholar_logo.svg_1-768x287.png 768w\" sizes=\"(max-width: 800px) 100vw, 800px\" \/><\/a><\/figure>\n<\/div>\n<\/div>\n<\/div>\n<\/div>\n\n\n\n<div class=\"wp-block-columns is-layout-flex wp-container-9\">\n<div class=\"wp-block-column is-layout-flow\" style=\"flex-basis:100%\"><\/div>\n<\/div>\n\n\n\n<p><\/p>\n","protected":false},"excerpt":{"rendered":"<p>Prof. Patricia Aparecida da Ana Possui gradua\u00e7\u00e3o em Odontologia pela Faculdade de Odontologia da Universidade de S\u00e3o Paulo (2002), doutorado direto em Ci\u00eancias no Instituto de Pesquisas Energ\u00e9ticas e Nucleares\/ Universidade de S\u00e3o Paulo (2007) e p\u00f3s-doutorado no Instituto de Pesquisas Energ\u00e9ticas e Nucleares\/Universidade de S\u00e3o Paulo (2010). Atualmente \u00e9 docente do curso de gradua\u00e7\u00e3o &hellip;<br \/><a href=\"https:\/\/pesquisa.ufabc.edu.br\/pmalab\/a-coordenadora\/\" class=\"more-link pen_button pen_element_default pen_icon_arrow_double\">Continue reading <span class=\"screen-reader-text\">A Coordenadora<\/span><\/a><\/p>\n","protected":false},"author":1,"featured_media":478,"parent":0,"menu_order":0,"comment_status":"closed","ping_status":"closed","template":"","meta":[],"_links":{"self":[{"href":"https:\/\/pesquisa.ufabc.edu.br\/pmalab\/wp-json\/wp\/v2\/pages\/280"}],"collection":[{"href":"https:\/\/pesquisa.ufabc.edu.br\/pmalab\/wp-json\/wp\/v2\/pages"}],"about":[{"href":"https:\/\/pesquisa.ufabc.edu.br\/pmalab\/wp-json\/wp\/v2\/types\/page"}],"author":[{"embeddable":true,"href":"https:\/\/pesquisa.ufabc.edu.br\/pmalab\/wp-json\/wp\/v2\/users\/1"}],"replies":[{"embeddable":true,"href":"https:\/\/pesquisa.ufabc.edu.br\/pmalab\/wp-json\/wp\/v2\/comments?post=280"}],"version-history":[{"count":36,"href":"https:\/\/pesquisa.ufabc.edu.br\/pmalab\/wp-json\/wp\/v2\/pages\/280\/revisions"}],"predecessor-version":[{"id":768,"href":"https:\/\/pesquisa.ufabc.edu.br\/pmalab\/wp-json\/wp\/v2\/pages\/280\/revisions\/768"}],"wp:featuredmedia":[{"embeddable":true,"href":"https:\/\/pesquisa.ufabc.edu.br\/pmalab\/wp-json\/wp\/v2\/media\/478"}],"wp:attachment":[{"href":"https:\/\/pesquisa.ufabc.edu.br\/pmalab\/wp-json\/wp\/v2\/media?parent=280"}],"curies":[{"name":"wp","href":"https:\/\/api.w.org\/{rel}","templated":true}]}}