{"id":23,"date":"2018-10-25T15:08:50","date_gmt":"2018-10-25T18:08:50","guid":{"rendered":"http:\/\/pesquisa.ufabc.edu.br\/pmalab\/?page_id=23"},"modified":"2021-07-13T23:37:31","modified_gmt":"2021-07-14T02:37:31","slug":"home","status":"publish","type":"page","link":"https:\/\/pesquisa.ufabc.edu.br\/pmalab\/","title":{"rendered":"Home"},"content":{"rendered":"\n<figure class=\"wp-block-image size-large is-resized\"><img decoding=\"async\" loading=\"lazy\" src=\"http:\/\/pesquisa.ufabc.edu.br\/pmalab\/wp-content\/uploads\/2018\/10\/logo-final-600-dpi-ingles-copy.gif\" alt=\"\" class=\"wp-image-46\" width=\"840\" height=\"412\"\/><\/figure>\n\n\n\n<p class=\"has-text-align-center\">Bem vindo ao site do <strong>Laborat\u00f3rio de Fototerapia e An\u00e1lise Microbiol\u00f3gica (PMALab)<\/strong> da Universidade Federal do ABC.<\/p>\n\n\n\n<p class=\"has-text-align-center\">Aqui voc\u00ea encontrar\u00e1 as informa\u00e7\u00f5es b\u00e1sicas sobre o laborat\u00f3rio, tais como as atividades de pesquisa e ensino desenvolvidas, equipe, parcerias, publica\u00e7\u00f5es e eventos. Consulte-nos ou visite-nos!<\/p>\n\n\n\n<hr class=\"wp-block-separator\"\/>\n\n\n\n<p class=\"has-text-align-center\"><strong>O PMALab faz parte das seguintes redes brasileiras de pesquisa: <\/strong><\/p>\n\n\n\n<div class=\"wp-block-image\"><figure class=\"alignleft size-large is-resized\"><img decoding=\"async\" loading=\"lazy\" src=\"http:\/\/pesquisa.ufabc.edu.br\/pmalab\/wp-content\/uploads\/2018\/11\/info.jpg\" alt=\"\" class=\"wp-image-73\" width=\"271\" height=\"203\" srcset=\"https:\/\/pesquisa.ufabc.edu.br\/pmalab\/wp-content\/uploads\/2018\/11\/info.jpg 960w, https:\/\/pesquisa.ufabc.edu.br\/pmalab\/wp-content\/uploads\/2018\/11\/info-300x225.jpg 300w, https:\/\/pesquisa.ufabc.edu.br\/pmalab\/wp-content\/uploads\/2018\/11\/info-768x576.jpg 768w\" sizes=\"(max-width: 271px) 100vw, 271px\" \/><\/figure><\/div>\n\n\n\n<div class=\"wp-block-image\"><figure class=\"alignleft size-large is-resized\"><img decoding=\"async\" loading=\"lazy\" src=\"http:\/\/pesquisa.ufabc.edu.br\/pmalab\/wp-content\/uploads\/2021\/07\/sisfoton.png\" alt=\"\" class=\"wp-image-235\" width=\"404\" height=\"140\" srcset=\"https:\/\/pesquisa.ufabc.edu.br\/pmalab\/wp-content\/uploads\/2021\/07\/sisfoton.png 682w, https:\/\/pesquisa.ufabc.edu.br\/pmalab\/wp-content\/uploads\/2021\/07\/sisfoton-300x104.png 300w\" sizes=\"(max-width: 404px) 100vw, 404px\" \/><\/figure><\/div>\n\n\n\n<div class=\"wp-block-buttons alignwide is-content-justification-center is-layout-flex\">\n<div class=\"wp-block-button\"><a class=\"wp-block-button__link\" href=\"http:\/\/www.inct.info\/pt\/\" target=\"_blank\" rel=\"noreferrer noopener\">Saiba mais sobre o INFO<\/a><\/div>\n\n\n\n<div class=\"wp-block-button\"><a class=\"wp-block-button__link\" href=\"https:\/\/www.in.gov.br\/en\/web\/dou\/-\/portaria-gabmi-n-4.530-de-5-de-marco-de-2021-307491296\" target=\"_blank\" rel=\"noreferrer noopener\">Saiba mais sobre o Sisf\u00f3ton<\/a><\/div>\n<\/div>\n\n\n\n<hr class=\"wp-block-separator\"\/>\n\n\n\n<hr class=\"wp-block-separator\"\/>\n\n\n\n<p class=\"has-text-align-center\">O PMALab \u00e9 um laborat\u00f3rio que visa realizar pesquisas de alta qualidade e relev\u00e2ncia relacionadas \u00e0 Biofot\u00f4nica e suas aplica\u00e7\u00f5es nas diferentes \u00e1reas da sa\u00fade humana, assim como pretende-se dar suporte a projetos em n\u00edvel de gradua\u00e7\u00e3o, p\u00f3s-gradua\u00e7\u00e3o e pesquisa regular. Para isso s\u00e3o desenvolvidos e aplicados diferentes m\u00e9todos diagn\u00f3sticos e terap\u00eauticos que usam a luz e suas intera\u00e7\u00f5es com a mat\u00e9ria e tecidos biol\u00f3gicos, tais como c\u00e9lulas, mol\u00e9culas, organismos e microorganismos.&nbsp;<\/p>\n\n\n\n<figure class=\"wp-block-image size-large\"><img decoding=\"async\" loading=\"lazy\" width=\"1024\" height=\"683\" src=\"http:\/\/pesquisa.ufabc.edu.br\/pmalab\/wp-content\/uploads\/2021\/07\/IMG_7081-1024x683.jpg\" alt=\"\" class=\"wp-image-358\" srcset=\"https:\/\/pesquisa.ufabc.edu.br\/pmalab\/wp-content\/uploads\/2021\/07\/IMG_7081-1024x683.jpg 1024w, https:\/\/pesquisa.ufabc.edu.br\/pmalab\/wp-content\/uploads\/2021\/07\/IMG_7081-300x200.jpg 300w, https:\/\/pesquisa.ufabc.edu.br\/pmalab\/wp-content\/uploads\/2021\/07\/IMG_7081-768x512.jpg 768w, https:\/\/pesquisa.ufabc.edu.br\/pmalab\/wp-content\/uploads\/2021\/07\/IMG_7081-1536x1024.jpg 1536w, https:\/\/pesquisa.ufabc.edu.br\/pmalab\/wp-content\/uploads\/2021\/07\/IMG_7081.jpg 2048w\" sizes=\"(max-width: 1024px) 100vw, 1024px\" \/><\/figure>\n\n\n\n<p class=\"has-text-align-center\"><\/p>\n\n\n\n<hr class=\"wp-block-separator\"\/>\n\n\n\n<p class=\"has-text-align-center\">Veja abaixo um v\u00eddeo de um dos projetos de pesquisa desenvolvidos pelo grupo.<\/p>\n\n\n\n<figure class=\"wp-block-image size-large\"><a href=\"https:\/\/www.youtube.com\/watch?v=xNCLs7DTZww&amp;list=PLnL3nwtOp1OS4Kvo__zJVt3gsgRoxQDHZ&amp;index=4\"><img decoding=\"async\" loading=\"lazy\" width=\"1024\" height=\"576\" src=\"http:\/\/pesquisa.ufabc.edu.br\/pmalab\/wp-content\/uploads\/2021\/07\/biofotonica-1024x576.jpg\" alt=\"\" class=\"wp-image-248\" srcset=\"https:\/\/pesquisa.ufabc.edu.br\/pmalab\/wp-content\/uploads\/2021\/07\/biofotonica-1024x576.jpg 1024w, https:\/\/pesquisa.ufabc.edu.br\/pmalab\/wp-content\/uploads\/2021\/07\/biofotonica-300x169.jpg 300w, https:\/\/pesquisa.ufabc.edu.br\/pmalab\/wp-content\/uploads\/2021\/07\/biofotonica-768x432.jpg 768w, https:\/\/pesquisa.ufabc.edu.br\/pmalab\/wp-content\/uploads\/2021\/07\/biofotonica.jpg 1280w\" sizes=\"(max-width: 1024px) 100vw, 1024px\" \/><\/a><\/figure>\n\n\n\n<p><\/p>\n","protected":false},"excerpt":{"rendered":"<p>Bem vindo ao site do Laborat\u00f3rio de Fototerapia e An\u00e1lise Microbiol\u00f3gica (PMALab) da Universidade Federal do ABC. Aqui voc\u00ea encontrar\u00e1 as informa\u00e7\u00f5es b\u00e1sicas sobre o laborat\u00f3rio, tais como as atividades de pesquisa e ensino desenvolvidas, equipe, parcerias, publica\u00e7\u00f5es e eventos. Consulte-nos ou visite-nos! O PMALab faz parte das seguintes redes brasileiras de pesquisa: O PMALab &hellip;<br \/><a href=\"https:\/\/pesquisa.ufabc.edu.br\/pmalab\/\" class=\"more-link pen_button pen_element_default pen_icon_arrow_double\">Continue reading <span class=\"screen-reader-text\">Home<\/span><\/a><\/p>\n","protected":false},"author":1,"featured_media":0,"parent":0,"menu_order":0,"comment_status":"closed","ping_status":"closed","template":"","meta":[],"_links":{"self":[{"href":"https:\/\/pesquisa.ufabc.edu.br\/pmalab\/wp-json\/wp\/v2\/pages\/23"}],"collection":[{"href":"https:\/\/pesquisa.ufabc.edu.br\/pmalab\/wp-json\/wp\/v2\/pages"}],"about":[{"href":"https:\/\/pesquisa.ufabc.edu.br\/pmalab\/wp-json\/wp\/v2\/types\/page"}],"author":[{"embeddable":true,"href":"https:\/\/pesquisa.ufabc.edu.br\/pmalab\/wp-json\/wp\/v2\/users\/1"}],"replies":[{"embeddable":true,"href":"https:\/\/pesquisa.ufabc.edu.br\/pmalab\/wp-json\/wp\/v2\/comments?post=23"}],"version-history":[{"count":18,"href":"https:\/\/pesquisa.ufabc.edu.br\/pmalab\/wp-json\/wp\/v2\/pages\/23\/revisions"}],"predecessor-version":[{"id":704,"href":"https:\/\/pesquisa.ufabc.edu.br\/pmalab\/wp-json\/wp\/v2\/pages\/23\/revisions\/704"}],"wp:attachment":[{"href":"https:\/\/pesquisa.ufabc.edu.br\/pmalab\/wp-json\/wp\/v2\/media?parent=23"}],"curies":[{"name":"wp","href":"https:\/\/api.w.org\/{rel}","templated":true}]}}