{"id":2,"date":"2017-03-21T09:31:02","date_gmt":"2017-03-21T12:31:02","guid":{"rendered":"http:\/\/pesquisa.ufabc.edu.br\/pmalab\/?page_id=2"},"modified":"2021-07-08T14:49:39","modified_gmt":"2021-07-08T17:49:39","slug":"localizacao","status":"publish","type":"page","link":"https:\/\/pesquisa.ufabc.edu.br\/pmalab\/localizacao\/","title":{"rendered":"Localiza\u00e7\u00e3o"},"content":{"rendered":"<p><strong><img decoding=\"async\" loading=\"lazy\" class=\"wp-image-115 alignright\" src=\"http:\/\/pesquisa.ufabc.edu.br\/pmalab\/wp-content\/uploads\/2019\/05\/mapa-300x180.png\" alt=\"\" width=\"388\" height=\"233\" srcset=\"https:\/\/pesquisa.ufabc.edu.br\/pmalab\/wp-content\/uploads\/2019\/05\/mapa-300x180.png 300w, https:\/\/pesquisa.ufabc.edu.br\/pmalab\/wp-content\/uploads\/2019\/05\/mapa.png 553w\" sizes=\"(max-width: 388px) 100vw, 388px\" \/><\/strong><\/p>\n<p style=\"text-align: left;\">O <strong>PMALab<\/strong> est\u00e1 localizado no primeiro andar do Bloco \u00d4mega, Campus S\u00e3o Bernardo do Campo da UFABC, numerado como Laborat\u00f3rio L101.<\/p>\n<p>O endere\u00e7o da UFABC, Campus S\u00e3o Bernardo do Campo \u00e9:<\/p>\n<p>Alameda da Universidade, s\/n, Bairro Ancheita, S\u00e3o Bernardo do Campo, SP, Brasil. CEP 09606-045<\/p>\n<p>Telefone: +55 11 2320.6120<\/p>\n<p>O endere\u00e7o para correspond\u00eancia do Campus \u00e9:<\/p>\n<p>Rua Arcturus, 03, Jardim Antares, S\u00e3o Bernardo do Campo, SP, Brasil, CEP 09606-070.<\/p>\n<p>*Estacionamento para visitantes est\u00e3o dispon\u00edveis pelo acesso pela Alameda da Universidade.<\/p>\n<p>Mais informa\u00e7\u00f5es de como chegar ao campus, incluindo transporte p\u00fablico, podem ser obtidas <a href=\"https:\/\/www.ufabc.edu.br\/a-ufabc\/campi\/sao-bernardo-do-campo\">AQUI<\/a>.<\/p>\n<p style=\"text-align: center;\"><iframe loading=\"lazy\" style=\"border: 0;\" src=\"https:\/\/www.google.com\/maps\/embed?pb=!1m18!1m12!1m3!1d3653.939852245506!2d-46.56571938569406!3d-23.678108871797573!2m3!1f0!2f0!3f0!3m2!1i1024!2i768!4f13.1!3m3!1m2!1s0x94ce43a83e1483a7%3A0xf1a53d9732f7a8c6!2sUniversidade+Federal+do+ABC%2C+Campus+S%C3%A3o+Bernardo+do+Campo!5e0!3m2!1spt-BR!2sbr!4v1558300989212!5m2!1spt-BR!2sbr\" width=\"600\" height=\"450\" frameborder=\"0\" allowfullscreen=\"allowfullscreen\"><\/iframe><\/p>\n","protected":false},"excerpt":{"rendered":"<p>O PMALab est\u00e1 localizado no primeiro andar do Bloco \u00d4mega, Campus S\u00e3o Bernardo do Campo da UFABC, numerado como Laborat\u00f3rio L101. O endere\u00e7o da UFABC, Campus S\u00e3o Bernardo do Campo \u00e9: Alameda da Universidade, s\/n, Bairro Ancheita, S\u00e3o Bernardo do Campo, SP, Brasil. CEP 09606-045 Telefone: +55 11 2320.6120 O endere\u00e7o para correspond\u00eancia do Campus &hellip;<br \/><a href=\"https:\/\/pesquisa.ufabc.edu.br\/pmalab\/localizacao\/\" class=\"more-link pen_button pen_element_default pen_icon_arrow_double\">Continue reading <span class=\"screen-reader-text\">Localiza\u00e7\u00e3o<\/span><\/a><\/p>\n","protected":false},"author":1,"featured_media":0,"parent":0,"menu_order":0,"comment_status":"closed","ping_status":"open","template":"","meta":[],"_links":{"self":[{"href":"https:\/\/pesquisa.ufabc.edu.br\/pmalab\/wp-json\/wp\/v2\/pages\/2"}],"collection":[{"href":"https:\/\/pesquisa.ufabc.edu.br\/pmalab\/wp-json\/wp\/v2\/pages"}],"about":[{"href":"https:\/\/pesquisa.ufabc.edu.br\/pmalab\/wp-json\/wp\/v2\/types\/page"}],"author":[{"embeddable":true,"href":"https:\/\/pesquisa.ufabc.edu.br\/pmalab\/wp-json\/wp\/v2\/users\/1"}],"replies":[{"embeddable":true,"href":"https:\/\/pesquisa.ufabc.edu.br\/pmalab\/wp-json\/wp\/v2\/comments?post=2"}],"version-history":[{"count":14,"href":"https:\/\/pesquisa.ufabc.edu.br\/pmalab\/wp-json\/wp\/v2\/pages\/2\/revisions"}],"predecessor-version":[{"id":310,"href":"https:\/\/pesquisa.ufabc.edu.br\/pmalab\/wp-json\/wp\/v2\/pages\/2\/revisions\/310"}],"wp:attachment":[{"href":"https:\/\/pesquisa.ufabc.edu.br\/pmalab\/wp-json\/wp\/v2\/media?parent=2"}],"curies":[{"name":"wp","href":"https:\/\/api.w.org\/{rel}","templated":true}]}}