{"id":188,"date":"2021-07-06T17:39:09","date_gmt":"2021-07-06T20:39:09","guid":{"rendered":"https:\/\/pesquisa.ufabc.edu.br\/pmalab\/?page_id=188"},"modified":"2021-07-14T19:15:08","modified_gmt":"2021-07-14T22:15:08","slug":"noticias","status":"publish","type":"page","link":"https:\/\/pesquisa.ufabc.edu.br\/pmalab\/noticias\/","title":{"rendered":"Not\u00edcias"},"content":{"rendered":"\n<p>Nesta p\u00e1gina voc\u00ea encontrar\u00e1 as principais not\u00edcias relacionadas \u00e0 equipe do <strong>PMALab<\/strong>. <\/p>\n\n\n\n<hr class=\"wp-block-separator\"\/>\n\n\n\n<div class=\"wp-block-image\"><figure class=\"alignright size-large\"><img decoding=\"async\" loading=\"lazy\" width=\"164\" height=\"211\" src=\"http:\/\/pesquisa.ufabc.edu.br\/pmalab\/wp-content\/uploads\/2021\/07\/sbfoton.png\" alt=\"\" class=\"wp-image-736\"\/><\/figure><\/div>\n\n\n\n<p><strong><span class=\"has-inline-color has-vivid-cyan-blue-color\">Discentes participam da terceira edi\u00e7\u00e3o do SBFOTON Conference &#8211; 2021<\/span><\/strong><\/p>\n\n\n\n<p>O evento bianual da Sociedade Brasileira de Fot\u00f4nica &#8211; SBFOTON Congress 2021, Keep on Shinning &#8211; ocorreu de forma virtual entre os dias 31 de maio e 02 de junho de 2021. O mestrando Fabrizio Manoel Rodrigues e a doutoranda Elizabete dos Santos Ferreira apresentaram trabalhos sob a forma de p\u00f4ster, por meio de um v\u00eddeo explicativo seguido da argui\u00e7\u00e3o por uma banca, em l\u00edngua inglesa. <\/p>\n\n\n\n<p>Os trabalhos apresentados foram: <\/p>\n\n\n\n<p><strong>Compositional changes promoted by Er,Cr:YSGG laser when used to inhibit dentin erosio<\/strong>n &#8211;<a href=\"https:\/\/ieeexplore.ieee.org\/document\/9461943\" target=\"_blank\" rel=\"noreferrer noopener\"> link<\/a><\/p>\n\n\n\n<p><strong>Effects of nanosecond high-intensity IR and UV lasers on dentin erosion\/abrasion progression: a pilot-study<\/strong> &#8211;<a href=\"https:\/\/ieeexplore.ieee.org\/document\/9461931\" target=\"_blank\" rel=\"noreferrer noopener\"> Link<\/a><\/p>\n\n\n\n<hr class=\"wp-block-separator\"\/>\n","protected":false},"excerpt":{"rendered":"<p>Nesta p\u00e1gina voc\u00ea encontrar\u00e1 as principais not\u00edcias relacionadas \u00e0 equipe do PMALab. Discentes participam da terceira edi\u00e7\u00e3o do SBFOTON Conference &#8211; 2021 O evento bianual da Sociedade Brasileira de Fot\u00f4nica &#8211; SBFOTON Congress 2021, Keep on Shinning &#8211; ocorreu de forma virtual entre os dias 31 de maio e 02 de junho de 2021. O &hellip;<br \/><a href=\"https:\/\/pesquisa.ufabc.edu.br\/pmalab\/noticias\/\" class=\"more-link pen_button pen_element_default pen_icon_arrow_double\">Continue reading <span class=\"screen-reader-text\">Not\u00edcias<\/span><\/a><\/p>\n","protected":false},"author":1,"featured_media":328,"parent":0,"menu_order":0,"comment_status":"closed","ping_status":"closed","template":"","meta":[],"_links":{"self":[{"href":"https:\/\/pesquisa.ufabc.edu.br\/pmalab\/wp-json\/wp\/v2\/pages\/188"}],"collection":[{"href":"https:\/\/pesquisa.ufabc.edu.br\/pmalab\/wp-json\/wp\/v2\/pages"}],"about":[{"href":"https:\/\/pesquisa.ufabc.edu.br\/pmalab\/wp-json\/wp\/v2\/types\/page"}],"author":[{"embeddable":true,"href":"https:\/\/pesquisa.ufabc.edu.br\/pmalab\/wp-json\/wp\/v2\/users\/1"}],"replies":[{"embeddable":true,"href":"https:\/\/pesquisa.ufabc.edu.br\/pmalab\/wp-json\/wp\/v2\/comments?post=188"}],"version-history":[{"count":7,"href":"https:\/\/pesquisa.ufabc.edu.br\/pmalab\/wp-json\/wp\/v2\/pages\/188\/revisions"}],"predecessor-version":[{"id":740,"href":"https:\/\/pesquisa.ufabc.edu.br\/pmalab\/wp-json\/wp\/v2\/pages\/188\/revisions\/740"}],"wp:featuredmedia":[{"embeddable":true,"href":"https:\/\/pesquisa.ufabc.edu.br\/pmalab\/wp-json\/wp\/v2\/media\/328"}],"wp:attachment":[{"href":"https:\/\/pesquisa.ufabc.edu.br\/pmalab\/wp-json\/wp\/v2\/media?parent=188"}],"curies":[{"name":"wp","href":"https:\/\/api.w.org\/{rel}","templated":true}]}}