{"id":137,"date":"2021-07-06T12:16:53","date_gmt":"2021-07-06T15:16:53","guid":{"rendered":"https:\/\/pesquisa.ufabc.edu.br\/pmalab\/?page_id=137"},"modified":"2021-07-14T20:02:25","modified_gmt":"2021-07-14T23:02:25","slug":"ensino","status":"publish","type":"page","link":"https:\/\/pesquisa.ufabc.edu.br\/pmalab\/ensino\/","title":{"rendered":"Ensino"},"content":{"rendered":"\n<p>Aqui voc\u00ea encontrar\u00e1 material sobre as principais disciplinas ministradas pelos docentes na UFABC. <\/p>\n\n\n\n<hr class=\"wp-block-separator\"\/>\n\n\n\n<p><strong><span class=\"has-inline-color has-vivid-cyan-blue-color\">Disciplinas de gradua\u00e7\u00e3o<\/span><\/strong><\/p>\n\n\n\n<p>Introdu\u00e7\u00e3o \u00e0 Biofot\u00f4nica<\/p>\n\n\n\n<p>Biof\u00edsica<\/p>\n\n\n\n<p>T\u00e9cnicas Modernas em Fotodiagn\u00f3stico<\/p>\n\n\n\n<p>T\u00e9cnicas Modernas em Fototerapia<\/p>\n\n\n\n<hr class=\"wp-block-separator\"\/>\n\n\n\n<p><strong><span class=\"has-inline-color has-vivid-cyan-blue-color\">P\u00f3s-gradua\u00e7\u00e3o<\/span><\/strong><\/p>\n\n\n\n<p>Biofot\u00f4nica: Aplica\u00e7\u00e3o de Laser em Ci\u00eancias Biol\u00f3gicas<\/p>\n\n\n\n<p>T\u00f3picos Avan\u00e7ados em Biofot\u00f4nica e \u00d3ptica Biom\u00e9dica<\/p>\n\n\n\n<hr class=\"wp-block-separator\"\/>\n\n\n\n<p><strong><span class=\"has-inline-color has-vivid-cyan-blue-color\">Material did\u00e1tico<\/span><\/strong><\/p>\n\n\n\n<div class=\"wp-block-media-text alignwide is-stacked-on-mobile\" style=\"grid-template-columns:49% auto\"><figure class=\"wp-block-media-text__media\"><a href=\"https:\/\/www.youtube.com\/watch?v=TEXdqVJgpUE\"><img decoding=\"async\" loading=\"lazy\" width=\"1024\" height=\"576\" src=\"http:\/\/pesquisa.ufabc.edu.br\/pmalab\/wp-content\/uploads\/2021\/07\/video-fluorescencia-1024x576.jpg\" alt=\"\" class=\"wp-image-479 size-full\" srcset=\"https:\/\/pesquisa.ufabc.edu.br\/pmalab\/wp-content\/uploads\/2021\/07\/video-fluorescencia-1024x576.jpg 1024w, https:\/\/pesquisa.ufabc.edu.br\/pmalab\/wp-content\/uploads\/2021\/07\/video-fluorescencia-300x169.jpg 300w, https:\/\/pesquisa.ufabc.edu.br\/pmalab\/wp-content\/uploads\/2021\/07\/video-fluorescencia-768x432.jpg 768w, https:\/\/pesquisa.ufabc.edu.br\/pmalab\/wp-content\/uploads\/2021\/07\/video-fluorescencia.jpg 1280w\" sizes=\"(max-width: 1024px) 100vw, 1024px\" \/><\/a><\/figure><div class=\"wp-block-media-text__content\">\n<p class=\"has-large-font-size\">V\u00eddeo explicativo sobre medidas de fluoresc\u00eancia usando espectr\u00f4metro de fibra \u00f3ptica<\/p>\n\n\n\n<p>Por Prof. Nasser Ali Daghastanli<\/p>\n<\/div><\/div>\n\n\n\n<div style=\"height:100px\" aria-hidden=\"true\" class=\"wp-block-spacer\"><\/div>\n\n\n\n<div class=\"wp-block-media-text alignwide is-stacked-on-mobile\"><figure class=\"wp-block-media-text__media\"><a href=\"https:\/\/www.youtube.com\/watch?v=Hq3-rdmE6PI\"><img decoding=\"async\" loading=\"lazy\" width=\"798\" height=\"544\" src=\"https:\/\/pesquisa.ufabc.edu.br\/pmalab\/wp-content\/uploads\/2021\/07\/ns-dentin.png\" alt=\"\" class=\"wp-image-742 size-full\" srcset=\"https:\/\/pesquisa.ufabc.edu.br\/pmalab\/wp-content\/uploads\/2021\/07\/ns-dentin.png 798w, https:\/\/pesquisa.ufabc.edu.br\/pmalab\/wp-content\/uploads\/2021\/07\/ns-dentin-300x205.png 300w, https:\/\/pesquisa.ufabc.edu.br\/pmalab\/wp-content\/uploads\/2021\/07\/ns-dentin-768x524.png 768w\" sizes=\"(max-width: 798px) 100vw, 798px\" \/><\/a><\/figure><div class=\"wp-block-media-text__content\">\n<p class=\"has-large-font-size\">V\u00eddeo da abla\u00e7\u00e3o de dentina com laser de Nd:YAG (1064 nm) com dura\u00e7\u00e3o de pulso de 5 ns<\/p>\n\n\n\n<p>Por: Marcus Paulo Raelle, Patricia A. da Ana e Denise M. Zezell<\/p>\n<\/div><\/div>\n\n\n\n<div style=\"height:100px\" aria-hidden=\"true\" class=\"wp-block-spacer\"><\/div>\n\n\n\n<div class=\"wp-block-media-text alignwide is-stacked-on-mobile\"><figure class=\"wp-block-media-text__media\"><a href=\"https:\/\/phet.colorado.edu\/en\/simulation\/beers-law-lab\"><img decoding=\"async\" loading=\"lazy\" width=\"451\" height=\"332\" src=\"https:\/\/pesquisa.ufabc.edu.br\/pmalab\/wp-content\/uploads\/2021\/07\/lei-de-beer.png\" alt=\"\" class=\"wp-image-745 size-full\" srcset=\"https:\/\/pesquisa.ufabc.edu.br\/pmalab\/wp-content\/uploads\/2021\/07\/lei-de-beer.png 451w, https:\/\/pesquisa.ufabc.edu.br\/pmalab\/wp-content\/uploads\/2021\/07\/lei-de-beer-300x221.png 300w\" sizes=\"(max-width: 451px) 100vw, 451px\" \/><\/a><\/figure><div class=\"wp-block-media-text__content\">\n<p class=\"has-large-font-size\">Simula\u00e7\u00f5es sobre a Lei de Beer<\/p>\n\n\n\n<p>Por: PHET Interactive Simulations, University of Colorado Boulder<\/p>\n<\/div><\/div>\n\n\n\n<div style=\"height:100px\" aria-hidden=\"true\" class=\"wp-block-spacer\"><\/div>\n\n\n\n<div class=\"wp-block-media-text alignwide is-stacked-on-mobile\"><figure class=\"wp-block-media-text__media\"><a href=\"https:\/\/phet.colorado.edu\/en\/simulation\/wave-interference\"><img decoding=\"async\" loading=\"lazy\" width=\"398\" height=\"302\" src=\"https:\/\/pesquisa.ufabc.edu.br\/pmalab\/wp-content\/uploads\/2021\/07\/interferencia.png\" alt=\"\" class=\"wp-image-747 size-full\" srcset=\"https:\/\/pesquisa.ufabc.edu.br\/pmalab\/wp-content\/uploads\/2021\/07\/interferencia.png 398w, https:\/\/pesquisa.ufabc.edu.br\/pmalab\/wp-content\/uploads\/2021\/07\/interferencia-300x228.png 300w\" sizes=\"(max-width: 398px) 100vw, 398px\" \/><\/a><\/figure><div class=\"wp-block-media-text__content\">\n<p class=\"has-large-font-size\">Simulador de interfer\u00eancia de onda<\/p>\n\n\n\n<p>Por: PHET Interactive Simulations, University of Colorado Boulder<\/p>\n<\/div><\/div>\n","protected":false},"excerpt":{"rendered":"<p>Aqui voc\u00ea encontrar\u00e1 material sobre as principais disciplinas ministradas pelos docentes na UFABC. Disciplinas de gradua\u00e7\u00e3o Introdu\u00e7\u00e3o \u00e0 Biofot\u00f4nica Biof\u00edsica T\u00e9cnicas Modernas em Fotodiagn\u00f3stico T\u00e9cnicas Modernas em Fototerapia P\u00f3s-gradua\u00e7\u00e3o Biofot\u00f4nica: Aplica\u00e7\u00e3o de Laser em Ci\u00eancias Biol\u00f3gicas T\u00f3picos Avan\u00e7ados em Biofot\u00f4nica e \u00d3ptica Biom\u00e9dica Material did\u00e1tico V\u00eddeo explicativo sobre medidas de fluoresc\u00eancia usando espectr\u00f4metro de fibra &hellip;<br \/><a href=\"https:\/\/pesquisa.ufabc.edu.br\/pmalab\/ensino\/\" class=\"more-link pen_button pen_element_default pen_icon_arrow_double\">Continue reading <span class=\"screen-reader-text\">Ensino<\/span><\/a><\/p>\n","protected":false},"author":1,"featured_media":334,"parent":0,"menu_order":0,"comment_status":"closed","ping_status":"closed","template":"","meta":[],"_links":{"self":[{"href":"https:\/\/pesquisa.ufabc.edu.br\/pmalab\/wp-json\/wp\/v2\/pages\/137"}],"collection":[{"href":"https:\/\/pesquisa.ufabc.edu.br\/pmalab\/wp-json\/wp\/v2\/pages"}],"about":[{"href":"https:\/\/pesquisa.ufabc.edu.br\/pmalab\/wp-json\/wp\/v2\/types\/page"}],"author":[{"embeddable":true,"href":"https:\/\/pesquisa.ufabc.edu.br\/pmalab\/wp-json\/wp\/v2\/users\/1"}],"replies":[{"embeddable":true,"href":"https:\/\/pesquisa.ufabc.edu.br\/pmalab\/wp-json\/wp\/v2\/comments?post=137"}],"version-history":[{"count":12,"href":"https:\/\/pesquisa.ufabc.edu.br\/pmalab\/wp-json\/wp\/v2\/pages\/137\/revisions"}],"predecessor-version":[{"id":748,"href":"https:\/\/pesquisa.ufabc.edu.br\/pmalab\/wp-json\/wp\/v2\/pages\/137\/revisions\/748"}],"wp:featuredmedia":[{"embeddable":true,"href":"https:\/\/pesquisa.ufabc.edu.br\/pmalab\/wp-json\/wp\/v2\/media\/334"}],"wp:attachment":[{"href":"https:\/\/pesquisa.ufabc.edu.br\/pmalab\/wp-json\/wp\/v2\/media?parent=137"}],"curies":[{"name":"wp","href":"https:\/\/api.w.org\/{rel}","templated":true}]}}