{"id":1197,"date":"2020-09-08T21:40:02","date_gmt":"2020-09-09T00:40:02","guid":{"rendered":"http:\/\/pesquisa.ufabc.edu.br\/macroamb\/?page_id=1197"},"modified":"2020-09-09T11:15:56","modified_gmt":"2020-09-09T14:15:56","slug":"g5-editar","status":"publish","type":"page","link":"https:\/\/pesquisa.ufabc.edu.br\/macroamb\/g5-editar\/","title":{"rendered":"Urbaniza\u00e7\u00e3o e Padr\u00f5es Atmosf\u00e9ricos"},"content":{"rendered":"<p>[vc_row css=&#8221;.vc_custom_1569421553809{margin-top: 30px !important;margin-bottom: 0px !important;padding-bottom: 0px !important;}&#8221;][vc_column][vc_column_text]<\/p>\n<h1><span style=\"color: #003300;\"><strong>Evolu\u00e7\u00e3o da Urbaniza\u00e7\u00e3o da cidade de S\u00e3o Paulo e seu impacto nos padr\u00f5es atmosf\u00e9ricos da regi\u00e3o: Simula\u00e7\u00f5es Num\u00e9ricas do Clima presente e futuro.<\/strong><\/span><\/h1>\n<p>[\/vc_column_text][\/vc_column][\/vc_row][vc_row][vc_column width=&#8221;1\/2&#8243;][vc_column_text el_class=&#8221;grupos-txt&#8221;]<span style=\"font-weight: 400;\">Nos \u00faltimos anos pode ser observado que os eventos extremos (secas, chuvas intensas e ondas de calor) t\u00eam impactado, dentre outros setores, a produ\u00e7\u00e3o agr\u00edcola, o abastecimento de \u00e1gua, o sistema de fornecimento de energia e a perda de vidas humanas em diversas regi\u00f5es do globo, principalmente naquelas de maior exposi\u00e7\u00e3o e vulnerabilidade. Uma das maneiras de prever a ocorr\u00eancia desses eventos extremos \u00e9 desenvolver indicadores de tempo severo baseados nas condi\u00e7\u00f5es atmosf\u00e9ricas. Estes \u00edndices podem ser explorados considerando diferentes cen\u00e1rios de mudan\u00e7a no uso e cobertura do solo, e cen\u00e1rios de mudan\u00e7as clim\u00e1ticas para identificar em per\u00edodos futuros o impacto do processo de urbaniza\u00e7\u00e3o sobre as vari\u00e1veis atmosf\u00e9ricas projetadas pelo IPCC. Neste contexto, este subprojeto busca entender o efeito da urbaniza\u00e7\u00e3o (espacial e vertical) sobre as condi\u00e7\u00f5es atmosf\u00e9ricas que desenvolvem os eventos extremos na Macrometr\u00f3pole Paulista.<\/span>[\/vc_column_text][\/vc_column][vc_column width=&#8221;1\/2&#8243;][vc_single_image image=&#8221;1201&#8243; img_size=&#8221;1280&#215;720&#8243;][\/vc_column][\/vc_row][vc_row][vc_column width=&#8221;1\/2&#8243;][vc_text_separator title=&#8221;Coordenadores&#8221; color=&#8221;custom&#8221; border_width=&#8221;3&#8243; accent_color=&#8221;#1e73be&#8221; css=&#8221;.vc_custom_1569699256600{padding-bottom: 30px !important;}&#8221;][vc_column_text]<span style=\"font-weight: 400;\">Edmilson Dias de Freitas (Prof. Dr. IAG\/USP) <a href=\"http:\/\/lattes.cnpq.br\/5779405156032697\" target=\"_blank\" rel=\"noopener noreferrer\"><img loading=\"lazy\" class=\"alignnone wp-image-763 size-full\" src=\"https:\/\/i1.wp.com\/pesquisa.ufabc.edu.br\/macroamb\/wp-content\/uploads\/2019\/09\/lattes.jpg?resize=17%2C20\" alt=\"\" width=\"17\" height=\"20\" data-recalc-dims=\"1\" \/><\/a><br \/>\n<\/span><em><span style=\"font-weight: 400;\">Pesquisador Principal\u00a0<\/span><\/em><\/p>\n<p><span style=\"font-weight: 400;\">T\u00e9rcio Ambrizzi (Prof. Dr. IAG\/USP) <a href=\"http:\/\/lattes.cnpq.br\/9337611912907437\" target=\"_blank\" rel=\"noopener noreferrer\"><img loading=\"lazy\" class=\"alignnone wp-image-763 size-full\" src=\"https:\/\/i1.wp.com\/pesquisa.ufabc.edu.br\/macroamb\/wp-content\/uploads\/2019\/09\/lattes.jpg?resize=17%2C20\" alt=\"\" width=\"17\" height=\"20\" data-recalc-dims=\"1\" \/><\/a><\/span>[\/vc_column_text][\/vc_column][vc_column width=&#8221;1\/2&#8243;][vc_text_separator title=&#8221;Pesquisadores&#8221; color=&#8221;custom&#8221; border_width=&#8221;3&#8243; accent_color=&#8221;#12751e&#8221; css=&#8221;.vc_custom_1573432787563{padding-top: 0px !important;padding-bottom: 30px !important;}&#8221;][vc_column_text]Carolyne Bueno Machado<span style=\"font-weight: 400;\"> (Doutoranda, IAG\/USP) <a href=\"http:\/\/lattes.cnpq.br\/5877393274969050\" target=\"_blank\" rel=\"noopener noreferrer\"><img data-attachment-id=\"763\" data-permalink=\"https:\/\/pesquisa.ufabc.edu.br\/macroamb\/governanca-de-saneamento-ambiental-e-analises-das-vulnerabilidades-na-macrometropole-paulista\/lattes\/\" data-orig-file=\"https:\/\/i1.wp.com\/pesquisa.ufabc.edu.br\/macroamb\/wp-content\/uploads\/2019\/09\/lattes.jpg?fit=25%2C30&amp;ssl=1\" data-orig-size=\"25,30\" data-comments-opened=\"1\" data-image-meta=\"{&quot;aperture&quot;:&quot;0&quot;,&quot;credit&quot;:&quot;&quot;,&quot;camera&quot;:&quot;&quot;,&quot;caption&quot;:&quot;&quot;,&quot;created_timestamp&quot;:&quot;0&quot;,&quot;copyright&quot;:&quot;&quot;,&quot;focal_length&quot;:&quot;0&quot;,&quot;iso&quot;:&quot;0&quot;,&quot;shutter_speed&quot;:&quot;0&quot;,&quot;title&quot;:&quot;&quot;,&quot;orientation&quot;:&quot;1&quot;}\" data-image-title=\"lattes\" data-image-description=\"\" data-medium-file=\"https:\/\/i1.wp.com\/pesquisa.ufabc.edu.br\/macroamb\/wp-content\/uploads\/2019\/09\/lattes.jpg?fit=25%2C30&amp;ssl=1\" data-large-file=\"https:\/\/i1.wp.com\/pesquisa.ufabc.edu.br\/macroamb\/wp-content\/uploads\/2019\/09\/lattes.jpg?fit=25%2C30&amp;ssl=1\" loading=\"lazy\" class=\"alignnone wp-image-763\" src=\"https:\/\/i1.wp.com\/pesquisa.ufabc.edu.br\/macroamb\/wp-content\/uploads\/2019\/09\/lattes.jpg?resize=17%2C20\" alt=\"\" width=\"17\" height=\"20\" data-recalc-dims=\"1\" \/><\/a><\/span><\/p>\n<p>Caluan Rodrigues Capozzoli<span style=\"font-weight: 400;\"> (Doutorando, IAG\/USP) <a href=\"http:\/\/lattes.cnpq.br\/1713765551727038\" target=\"_blank\" rel=\"noopener noreferrer\"><img data-attachment-id=\"763\" data-permalink=\"https:\/\/pesquisa.ufabc.edu.br\/macroamb\/governanca-de-saneamento-ambiental-e-analises-das-vulnerabilidades-na-macrometropole-paulista\/lattes\/\" data-orig-file=\"https:\/\/i1.wp.com\/pesquisa.ufabc.edu.br\/macroamb\/wp-content\/uploads\/2019\/09\/lattes.jpg?fit=25%2C30&amp;ssl=1\" data-orig-size=\"25,30\" data-comments-opened=\"1\" data-image-meta=\"{&quot;aperture&quot;:&quot;0&quot;,&quot;credit&quot;:&quot;&quot;,&quot;camera&quot;:&quot;&quot;,&quot;caption&quot;:&quot;&quot;,&quot;created_timestamp&quot;:&quot;0&quot;,&quot;copyright&quot;:&quot;&quot;,&quot;focal_length&quot;:&quot;0&quot;,&quot;iso&quot;:&quot;0&quot;,&quot;shutter_speed&quot;:&quot;0&quot;,&quot;title&quot;:&quot;&quot;,&quot;orientation&quot;:&quot;1&quot;}\" data-image-title=\"lattes\" data-image-description=\"\" data-medium-file=\"https:\/\/i1.wp.com\/pesquisa.ufabc.edu.br\/macroamb\/wp-content\/uploads\/2019\/09\/lattes.jpg?fit=25%2C30&amp;ssl=1\" data-large-file=\"https:\/\/i1.wp.com\/pesquisa.ufabc.edu.br\/macroamb\/wp-content\/uploads\/2019\/09\/lattes.jpg?fit=25%2C30&amp;ssl=1\" loading=\"lazy\" class=\"alignnone wp-image-763\" src=\"https:\/\/i1.wp.com\/pesquisa.ufabc.edu.br\/macroamb\/wp-content\/uploads\/2019\/09\/lattes.jpg?resize=17%2C20\" alt=\"\" width=\"17\" height=\"20\" data-recalc-dims=\"1\" \/><\/a><\/span><\/p>\n<p>Mariana Fadigatti Picolo (<span style=\"font-weight: 400;\">Doutoranda, IAG\/USP<\/span>) <a href=\"http:\/\/lattes.cnpq.br\/0397175470220258\" target=\"_blank\" rel=\"noopener noreferrer\"><img data-attachment-id=\"763\" data-permalink=\"https:\/\/pesquisa.ufabc.edu.br\/macroamb\/governanca-de-saneamento-ambiental-e-analises-das-vulnerabilidades-na-macrometropole-paulista\/lattes\/\" data-orig-file=\"https:\/\/i1.wp.com\/pesquisa.ufabc.edu.br\/macroamb\/wp-content\/uploads\/2019\/09\/lattes.jpg?fit=25%2C30&amp;ssl=1\" data-orig-size=\"25,30\" data-comments-opened=\"1\" data-image-meta=\"{&quot;aperture&quot;:&quot;0&quot;,&quot;credit&quot;:&quot;&quot;,&quot;camera&quot;:&quot;&quot;,&quot;caption&quot;:&quot;&quot;,&quot;created_timestamp&quot;:&quot;0&quot;,&quot;copyright&quot;:&quot;&quot;,&quot;focal_length&quot;:&quot;0&quot;,&quot;iso&quot;:&quot;0&quot;,&quot;shutter_speed&quot;:&quot;0&quot;,&quot;title&quot;:&quot;&quot;,&quot;orientation&quot;:&quot;1&quot;}\" data-image-title=\"lattes\" data-image-description=\"\" data-medium-file=\"https:\/\/i1.wp.com\/pesquisa.ufabc.edu.br\/macroamb\/wp-content\/uploads\/2019\/09\/lattes.jpg?fit=25%2C30&amp;ssl=1\" data-large-file=\"https:\/\/i1.wp.com\/pesquisa.ufabc.edu.br\/macroamb\/wp-content\/uploads\/2019\/09\/lattes.jpg?fit=25%2C30&amp;ssl=1\" loading=\"lazy\" class=\"alignnone wp-image-763\" src=\"https:\/\/i1.wp.com\/pesquisa.ufabc.edu.br\/macroamb\/wp-content\/uploads\/2019\/09\/lattes.jpg?resize=17%2C20\" alt=\"\" width=\"17\" height=\"20\" data-recalc-dims=\"1\" \/><\/a><\/p>\n<p>Sameh Adib Abou Rafee<span style=\"font-weight: 400;\"> (P\u00f3s-doc, IAG\/USP) <a href=\"http:\/\/lattes.cnpq.br\/4712423934385399\" target=\"_blank\" rel=\"noopener noreferrer\"><img data-attachment-id=\"763\" data-permalink=\"https:\/\/pesquisa.ufabc.edu.br\/macroamb\/governanca-de-saneamento-ambiental-e-analises-das-vulnerabilidades-na-macrometropole-paulista\/lattes\/\" data-orig-file=\"https:\/\/i1.wp.com\/pesquisa.ufabc.edu.br\/macroamb\/wp-content\/uploads\/2019\/09\/lattes.jpg?fit=25%2C30&amp;ssl=1\" data-orig-size=\"25,30\" data-comments-opened=\"1\" data-image-meta=\"{&quot;aperture&quot;:&quot;0&quot;,&quot;credit&quot;:&quot;&quot;,&quot;camera&quot;:&quot;&quot;,&quot;caption&quot;:&quot;&quot;,&quot;created_timestamp&quot;:&quot;0&quot;,&quot;copyright&quot;:&quot;&quot;,&quot;focal_length&quot;:&quot;0&quot;,&quot;iso&quot;:&quot;0&quot;,&quot;shutter_speed&quot;:&quot;0&quot;,&quot;title&quot;:&quot;&quot;,&quot;orientation&quot;:&quot;1&quot;}\" data-image-title=\"lattes\" data-image-description=\"\" data-medium-file=\"https:\/\/i1.wp.com\/pesquisa.ufabc.edu.br\/macroamb\/wp-content\/uploads\/2019\/09\/lattes.jpg?fit=25%2C30&amp;ssl=1\" data-large-file=\"https:\/\/i1.wp.com\/pesquisa.ufabc.edu.br\/macroamb\/wp-content\/uploads\/2019\/09\/lattes.jpg?fit=25%2C30&amp;ssl=1\" loading=\"lazy\" class=\"alignnone wp-image-763\" src=\"https:\/\/i1.wp.com\/pesquisa.ufabc.edu.br\/macroamb\/wp-content\/uploads\/2019\/09\/lattes.jpg?resize=17%2C20\" alt=\"\" width=\"17\" height=\"20\" data-recalc-dims=\"1\" \/><\/a><\/span><\/p>\n<p>Thais Fujita<span style=\"font-weight: 400;\"> (Doutoranda, IAG\/USP) <a href=\"http:\/\/lattes.cnpq.br\/5374712284194197\" target=\"_blank\" rel=\"noopener noreferrer\"><img data-attachment-id=\"763\" data-permalink=\"https:\/\/pesquisa.ufabc.edu.br\/macroamb\/governanca-de-saneamento-ambiental-e-analises-das-vulnerabilidades-na-macrometropole-paulista\/lattes\/\" data-orig-file=\"https:\/\/i1.wp.com\/pesquisa.ufabc.edu.br\/macroamb\/wp-content\/uploads\/2019\/09\/lattes.jpg?fit=25%2C30&amp;ssl=1\" data-orig-size=\"25,30\" data-comments-opened=\"1\" data-image-meta=\"{&quot;aperture&quot;:&quot;0&quot;,&quot;credit&quot;:&quot;&quot;,&quot;camera&quot;:&quot;&quot;,&quot;caption&quot;:&quot;&quot;,&quot;created_timestamp&quot;:&quot;0&quot;,&quot;copyright&quot;:&quot;&quot;,&quot;focal_length&quot;:&quot;0&quot;,&quot;iso&quot;:&quot;0&quot;,&quot;shutter_speed&quot;:&quot;0&quot;,&quot;title&quot;:&quot;&quot;,&quot;orientation&quot;:&quot;1&quot;}\" data-image-title=\"lattes\" data-image-description=\"\" data-medium-file=\"https:\/\/i1.wp.com\/pesquisa.ufabc.edu.br\/macroamb\/wp-content\/uploads\/2019\/09\/lattes.jpg?fit=25%2C30&amp;ssl=1\" data-large-file=\"https:\/\/i1.wp.com\/pesquisa.ufabc.edu.br\/macroamb\/wp-content\/uploads\/2019\/09\/lattes.jpg?fit=25%2C30&amp;ssl=1\" loading=\"lazy\" class=\"alignnone wp-image-763\" src=\"https:\/\/i1.wp.com\/pesquisa.ufabc.edu.br\/macroamb\/wp-content\/uploads\/2019\/09\/lattes.jpg?resize=17%2C20\" alt=\"\" width=\"17\" height=\"20\" data-recalc-dims=\"1\" \/><\/a><\/span><\/p>\n<p>Thamiris Luisa de Oliveira Brand\u00e3o Campos<span style=\"font-weight: 400;\"> (P\u00f3s-doc, IAG\/USP) <a href=\"http:\/\/lattes.cnpq.br\/8401553354360166\" target=\"_blank\" rel=\"noopener noreferrer\"><img data-attachment-id=\"763\" data-permalink=\"https:\/\/pesquisa.ufabc.edu.br\/macroamb\/governanca-de-saneamento-ambiental-e-analises-das-vulnerabilidades-na-macrometropole-paulista\/lattes\/\" data-orig-file=\"https:\/\/i1.wp.com\/pesquisa.ufabc.edu.br\/macroamb\/wp-content\/uploads\/2019\/09\/lattes.jpg?fit=25%2C30&amp;ssl=1\" data-orig-size=\"25,30\" data-comments-opened=\"1\" data-image-meta=\"{&quot;aperture&quot;:&quot;0&quot;,&quot;credit&quot;:&quot;&quot;,&quot;camera&quot;:&quot;&quot;,&quot;caption&quot;:&quot;&quot;,&quot;created_timestamp&quot;:&quot;0&quot;,&quot;copyright&quot;:&quot;&quot;,&quot;focal_length&quot;:&quot;0&quot;,&quot;iso&quot;:&quot;0&quot;,&quot;shutter_speed&quot;:&quot;0&quot;,&quot;title&quot;:&quot;&quot;,&quot;orientation&quot;:&quot;1&quot;}\" data-image-title=\"lattes\" data-image-description=\"\" data-medium-file=\"https:\/\/i1.wp.com\/pesquisa.ufabc.edu.br\/macroamb\/wp-content\/uploads\/2019\/09\/lattes.jpg?fit=25%2C30&amp;ssl=1\" data-large-file=\"https:\/\/i1.wp.com\/pesquisa.ufabc.edu.br\/macroamb\/wp-content\/uploads\/2019\/09\/lattes.jpg?fit=25%2C30&amp;ssl=1\" loading=\"lazy\" class=\"alignnone wp-image-763\" src=\"https:\/\/i1.wp.com\/pesquisa.ufabc.edu.br\/macroamb\/wp-content\/uploads\/2019\/09\/lattes.jpg?resize=17%2C20\" alt=\"\" width=\"17\" height=\"20\" data-recalc-dims=\"1\" \/><\/a><\/span>[\/vc_column_text][\/vc_column][\/vc_row]<\/p>\n","protected":false},"excerpt":{"rendered":"<p>[vc_row css=&#8221;.vc_custom_1569421553809{margin-top: 30px !important;margin-bottom: 0px !important;padding-bottom: 0px !important;}&#8221;][vc_column][vc_column_text] Evolu\u00e7\u00e3o da Urbaniza\u00e7\u00e3o da cidade de S\u00e3o Paulo e seu impacto nos padr\u00f5es atmosf\u00e9ricos da regi\u00e3o: Simula\u00e7\u00f5es Num\u00e9ricas do Clima presente e futuro. [\/vc_column_text][\/vc_column][\/vc_row][vc_row][vc_column width=&#8221;1\/2&#8243;][vc_column_text el_class=&#8221;grupos-txt&#8221;]Nos \u00faltimos anos pode ser observado que os eventos extremos (secas, chuvas intensas e ondas de calor) t\u00eam impactado, dentre outros setores,<a class=\"read-more\" href=\"https:\/\/pesquisa.ufabc.edu.br\/macroamb\/g5-editar\/\">Continue reading <i class=\"fal fa-angle-right\"><\/i><\/a><\/p>\n","protected":false},"author":9,"featured_media":425,"parent":0,"menu_order":0,"comment_status":"closed","ping_status":"closed","template":"","meta":{"spay_email":""},"jetpack_sharing_enabled":true,"jetpack_shortlink":"https:\/\/wp.me\/PaRCEa-jj","jetpack-related-posts":[],"_links":{"self":[{"href":"https:\/\/pesquisa.ufabc.edu.br\/macroamb\/wp-json\/wp\/v2\/pages\/1197"}],"collection":[{"href":"https:\/\/pesquisa.ufabc.edu.br\/macroamb\/wp-json\/wp\/v2\/pages"}],"about":[{"href":"https:\/\/pesquisa.ufabc.edu.br\/macroamb\/wp-json\/wp\/v2\/types\/page"}],"author":[{"embeddable":true,"href":"https:\/\/pesquisa.ufabc.edu.br\/macroamb\/wp-json\/wp\/v2\/users\/9"}],"replies":[{"embeddable":true,"href":"https:\/\/pesquisa.ufabc.edu.br\/macroamb\/wp-json\/wp\/v2\/comments?post=1197"}],"version-history":[{"count":4,"href":"https:\/\/pesquisa.ufabc.edu.br\/macroamb\/wp-json\/wp\/v2\/pages\/1197\/revisions"}],"predecessor-version":[{"id":1200,"href":"https:\/\/pesquisa.ufabc.edu.br\/macroamb\/wp-json\/wp\/v2\/pages\/1197\/revisions\/1200"}],"wp:featuredmedia":[{"embeddable":true,"href":"https:\/\/pesquisa.ufabc.edu.br\/macroamb\/wp-json\/wp\/v2\/media\/425"}],"wp:attachment":[{"href":"https:\/\/pesquisa.ufabc.edu.br\/macroamb\/wp-json\/wp\/v2\/media?parent=1197"}],"curies":[{"name":"wp","href":"https:\/\/api.w.org\/{rel}","templated":true}]}}